{"id":130,"date":"2016-01-15T14:26:31","date_gmt":"2016-01-15T13:26:31","guid":{"rendered":"https:\/\/www.terredelelu.com\/?page_id=130"},"modified":"2025-11-03T11:52:29","modified_gmt":"2025-11-03T10:52:29","slug":"domaine","status":"publish","type":"page","link":"https:\/\/www.terredelelu.com\/fr\/a-propos\/domaine\/","title":{"rendered":"Le Domaine du Clos de l\u2019\u00c9lu,"},"content":{"rendered":"\t\t<div data-elementor-type=\"wp-page\" data-elementor-id=\"130\" class=\"elementor elementor-130\" data-elementor-post-type=\"page\">\n\t\t\t\t<div class=\"elementor-element elementor-element-eae6d3f e-flex e-con-boxed e-con e-parent\" data-id=\"eae6d3f\" data-element_type=\"container\" data-e-type=\"container\">\n\t\t\t\t\t<div class=\"e-con-inner\">\n\t\t\t\t<div class=\"elementor-element elementor-element-064eff7 elementor-widget elementor-widget-shortcode\" data-id=\"064eff7\" data-element_type=\"widget\" data-e-type=\"widget\" data-widget_type=\"shortcode.default\">\n\t\t\t\t\t\t\t<div class=\"elementor-shortcode\">\t\t<div data-elementor-type=\"page\" data-elementor-id=\"5133\" class=\"elementor elementor-5133\" data-elementor-post-type=\"elementor_library\">\n\t\t\t\t<div class=\"elementor-element elementor-element-25a43d1c e-con-full e-flex e-con e-parent\" data-id=\"25a43d1c\" data-element_type=\"container\" data-e-type=\"container\">\n\t\t\t\t<div class=\"elementor-element elementor-element-6594a5e7 elementor-widget elementor-widget-shortcode\" data-id=\"6594a5e7\" data-element_type=\"widget\" data-e-type=\"widget\" data-widget_type=\"shortcode.default\">\n\t\t\t\t\t\t\t<div class=\"elementor-shortcode\">\t\t<div data-elementor-type=\"page\" data-elementor-id=\"4727\" class=\"elementor elementor-4727\" data-elementor-post-type=\"elementor_library\">\n\t\t\t\t<div class=\"elementor-element elementor-element-2c4830f elementor-hidden-desktop elementor-hidden-tablet e-flex e-con-boxed e-con e-parent\" data-id=\"2c4830f\" data-element_type=\"container\" data-e-type=\"container\">\n\t\t\t\t\t<div class=\"e-con-inner\">\n\t\t\t\t<div class=\"elementor-element elementor-element-f81190d elementor-widget elementor-widget-image\" data-id=\"f81190d\" data-element_type=\"widget\" data-e-type=\"widget\" data-widget_type=\"image.default\">\n\t\t\t\t\t\t\t\t\t\t\t\t\t\t\t<img fetchpriority=\"high\" decoding=\"async\" width=\"778\" height=\"765\" src=\"https:\/\/www.terredelelu.com\/wp-content\/uploads\/2024\/11\/Desktop-Illu-Boussole.png\" class=\"attachment-full size-full wp-image-3569\" alt=\"\" srcset=\"https:\/\/www.terredelelu.com\/wp-content\/uploads\/2024\/11\/Desktop-Illu-Boussole.png 778w, https:\/\/www.terredelelu.com\/wp-content\/uploads\/2024\/11\/Desktop-Illu-Boussole-300x295.png 300w, https:\/\/www.terredelelu.com\/wp-content\/uploads\/2024\/11\/Desktop-Illu-Boussole-768x755.png 768w\" sizes=\"(max-width: 778px) 100vw, 778px\" \/>\t\t\t\t\t\t\t\t\t\t\t\t\t\t\t<\/div>\n\t\t\t\t\t<\/div>\n\t\t\t\t<\/div>\n\t\t<div class=\"elementor-element elementor-element-13d18c4 elementor-hidden-desktop elementor-hidden-tablet e-flex e-con-boxed e-con e-parent\" data-id=\"13d18c4\" data-element_type=\"container\" data-e-type=\"container\">\n\t\t\t\t\t<div class=\"e-con-inner\">\n\t\t\t\t<div class=\"elementor-element elementor-element-aeb2f55 elementor-widget__width-initial elementor-widget-mobile__width-initial elementor-widget elementor-widget-heading\" data-id=\"aeb2f55\" data-element_type=\"widget\" data-e-type=\"widget\" data-widget_type=\"heading.default\">\n\t\t\t\t\t<h1 class=\"elementor-heading-title elementor-size-default\"><p>17 hectares ancr\u00e9s sur l\u2019Anjou Noir<\/p>\n<\/h1>\t\t\t\t<\/div>\n\t\t\t\t<div class=\"elementor-element elementor-element-370b94e elementor-widget__width-initial elementor-widget-mobile__width-initial elementor-widget elementor-widget-text-editor\" data-id=\"370b94e\" data-element_type=\"widget\" data-e-type=\"widget\" data-widget_type=\"text-editor.default\">\n\t\t\t\t\t\t\t\t\t<p>En janvier 2008, Charlotte et Thomas se lancent dans l\u2019aventure viticole avec l\u2019acquisition du domaine du Clos de l\u2019\u00c9lu, sur les terroirs schisteux de l\u2019Anjou noir. Forts de plusieurs ann\u00e9es d\u2019exp\u00e9rience comme consultant viticole (pour Thomas) ou dans les domaines de la communication et de la gestion (pour Charlotte), tous deux m\u00e8nent avec passion la vie de ce domaine qui s\u2019appuie sur les plus beaux terroirs de la vall\u00e9e du Layon.<\/p>\n\t\t\t\t\t\t\t\t<\/div>\n\t\t\t\t<div class=\"elementor-element elementor-element-df4359d elementor-invisible elementor-widget elementor-widget-image\" data-id=\"df4359d\" data-element_type=\"widget\" data-e-type=\"widget\" data-settings=\"{&quot;_animation&quot;:&quot;fadeInUp&quot;}\" data-widget_type=\"image.default\">\n\t\t\t\t\t\t\t\t\t\t\t\t\t\t\t<img decoding=\"async\" width=\"1038\" height=\"986\" src=\"https:\/\/www.terredelelu.com\/wp-content\/uploads\/2024\/11\/Capture-decran-2024-11-19-a-17.36.11.png\" class=\"attachment-full size-full wp-image-5141\" alt=\"\" srcset=\"https:\/\/www.terredelelu.com\/wp-content\/uploads\/2024\/11\/Capture-decran-2024-11-19-a-17.36.11.png 1038w, https:\/\/www.terredelelu.com\/wp-content\/uploads\/2024\/11\/Capture-decran-2024-11-19-a-17.36.11-300x285.png 300w, https:\/\/www.terredelelu.com\/wp-content\/uploads\/2024\/11\/Capture-decran-2024-11-19-a-17.36.11-1024x973.png 1024w, https:\/\/www.terredelelu.com\/wp-content\/uploads\/2024\/11\/Capture-decran-2024-11-19-a-17.36.11-768x730.png 768w\" sizes=\"(max-width: 1038px) 100vw, 1038px\" \/>\t\t\t\t\t\t\t\t\t\t\t\t\t\t\t<\/div>\n\t\t\t\t\t<\/div>\n\t\t\t\t<\/div>\n\t\t<div class=\"elementor-element elementor-element-807989b elementor-hidden-tablet elementor-hidden-mobile e-flex e-con-boxed e-con e-parent\" data-id=\"807989b\" data-element_type=\"container\" data-e-type=\"container\">\n\t\t\t\t\t<div class=\"e-con-inner\">\n\t\t<div class=\"elementor-element elementor-element-d9f6e49 e-con-full e-flex e-con e-child\" data-id=\"d9f6e49\" data-element_type=\"container\" data-e-type=\"container\">\n\t\t\t\t<div class=\"elementor-element elementor-element-465a243 animated-slow elementor-invisible elementor-widget elementor-widget-image\" data-id=\"465a243\" data-element_type=\"widget\" data-e-type=\"widget\" data-settings=\"{&quot;_animation&quot;:&quot;fadeIn&quot;}\" data-widget_type=\"image.default\">\n\t\t\t\t\t\t\t\t\t\t\t\t\t\t\t<img decoding=\"async\" src=\"https:\/\/www.terredelelu.com\/wp-content\/uploads\/elementor\/thumbs\/Capture-decran-2024-11-19-a-17.36.11-qxann00xiwj60qlgc21mxv8k8qpforsbk3nf03z1n8.png\" title=\"Capture d\u2019e\u0301cran 2024-11-19 a\u0300 17.36.11\" alt=\"Capture d\u2019e\u0301cran 2024-11-19 a\u0300 17.36.11\" loading=\"lazy\" \/>\t\t\t\t\t\t\t\t\t\t\t\t\t\t\t<\/div>\n\t\t\t\t<\/div>\n\t\t<div class=\"elementor-element elementor-element-277c207 e-con-full e-flex e-con e-child\" data-id=\"277c207\" data-element_type=\"container\" data-e-type=\"container\">\n\t\t\t\t<div class=\"elementor-element elementor-element-4118427 elementor-widget__width-initial elementor-widget elementor-widget-heading\" data-id=\"4118427\" data-element_type=\"widget\" data-e-type=\"widget\" data-widget_type=\"heading.default\">\n\t\t\t\t\t<h1 class=\"elementor-heading-title elementor-size-default\"><p>17 hectares ancr\u00e9s sur l\u2019Anjou Noir<\/p>\n<\/h1>\t\t\t\t<\/div>\n\t\t\t\t<div class=\"elementor-element elementor-element-2bcf849 elementor-widget__width-initial elementor-widget elementor-widget-text-editor\" data-id=\"2bcf849\" data-element_type=\"widget\" data-e-type=\"widget\" data-widget_type=\"text-editor.default\">\n\t\t\t\t\t\t\t\t\t<p>En janvier 2008, Charlotte et Thomas se lancent dans l\u2019aventure viticole avec l\u2019acquisition du domaine du Clos de l\u2019\u00c9lu, sur les terroirs schisteux de l\u2019Anjou noir. Forts de plusieurs ann\u00e9es d\u2019exp\u00e9rience comme consultant viticole (pour Thomas) ou dans les domaines de la communication et de la gestion (pour Charlotte), tous deux m\u00e8nent avec passion la vie de ce domaine qui s\u2019appuie sur les plus beaux terroirs de la vall\u00e9e du Layon.<\/p>\n\t\t\t\t\t\t\t\t<\/div>\n\t\t\t\t<div class=\"elementor-element elementor-element-f256f53 elementor-widget elementor-widget-image\" data-id=\"f256f53\" data-element_type=\"widget\" data-e-type=\"widget\" data-widget_type=\"image.default\">\n\t\t\t\t\t\t\t\t\t\t\t\t\t\t\t<img fetchpriority=\"high\" decoding=\"async\" width=\"778\" height=\"765\" src=\"https:\/\/www.terredelelu.com\/wp-content\/uploads\/2024\/11\/Desktop-Illu-Boussole.png\" class=\"attachment-full size-full wp-image-3569\" alt=\"\" srcset=\"https:\/\/www.terredelelu.com\/wp-content\/uploads\/2024\/11\/Desktop-Illu-Boussole.png 778w, https:\/\/www.terredelelu.com\/wp-content\/uploads\/2024\/11\/Desktop-Illu-Boussole-300x295.png 300w, https:\/\/www.terredelelu.com\/wp-content\/uploads\/2024\/11\/Desktop-Illu-Boussole-768x755.png 768w\" sizes=\"(max-width: 778px) 100vw, 778px\" \/>\t\t\t\t\t\t\t\t\t\t\t\t\t\t\t<\/div>\n\t\t\t\t<\/div>\n\t\t\t\t\t<\/div>\n\t\t\t\t<\/div>\n\t\t<div class=\"elementor-element elementor-element-680764b elementor-hidden-mobile elementor-hidden-desktop e-flex e-con-boxed e-con e-parent\" data-id=\"680764b\" data-element_type=\"container\" data-e-type=\"container\">\n\t\t\t\t\t<div class=\"e-con-inner\">\n\t\t<div class=\"elementor-element elementor-element-fe1ddc8 e-con-full e-flex e-con e-child\" data-id=\"fe1ddc8\" data-element_type=\"container\" data-e-type=\"container\">\n\t\t\t\t<div class=\"elementor-element elementor-element-8da0a23 animated-slow elementor-invisible elementor-widget elementor-widget-image\" data-id=\"8da0a23\" data-element_type=\"widget\" data-e-type=\"widget\" data-settings=\"{&quot;_animation&quot;:&quot;fadeIn&quot;}\" data-widget_type=\"image.default\">\n\t\t\t\t\t\t\t\t\t\t\t\t\t\t\t<img decoding=\"async\" width=\"1038\" height=\"986\" src=\"https:\/\/www.terredelelu.com\/wp-content\/uploads\/2024\/11\/Capture-decran-2024-11-19-a-17.36.11.png\" class=\"attachment-full size-full wp-image-5141\" alt=\"\" srcset=\"https:\/\/www.terredelelu.com\/wp-content\/uploads\/2024\/11\/Capture-decran-2024-11-19-a-17.36.11.png 1038w, https:\/\/www.terredelelu.com\/wp-content\/uploads\/2024\/11\/Capture-decran-2024-11-19-a-17.36.11-300x285.png 300w, https:\/\/www.terredelelu.com\/wp-content\/uploads\/2024\/11\/Capture-decran-2024-11-19-a-17.36.11-1024x973.png 1024w, https:\/\/www.terredelelu.com\/wp-content\/uploads\/2024\/11\/Capture-decran-2024-11-19-a-17.36.11-768x730.png 768w\" sizes=\"(max-width: 1038px) 100vw, 1038px\" \/>\t\t\t\t\t\t\t\t\t\t\t\t\t\t\t<\/div>\n\t\t\t\t<\/div>\n\t\t<div class=\"elementor-element elementor-element-c731ab6 e-con-full e-flex e-con e-child\" data-id=\"c731ab6\" data-element_type=\"container\" data-e-type=\"container\">\n\t\t\t\t<div class=\"elementor-element elementor-element-85612d9 elementor-widget__width-initial elementor-widget-tablet__width-initial elementor-widget elementor-widget-heading\" data-id=\"85612d9\" data-element_type=\"widget\" data-e-type=\"widget\" data-widget_type=\"heading.default\">\n\t\t\t\t\t<h1 class=\"elementor-heading-title elementor-size-default\"><p>17 hectares ancr\u00e9s sur l\u2019Anjou Noir<\/p>\n<\/h1>\t\t\t\t<\/div>\n\t\t\t\t<div class=\"elementor-element elementor-element-56eb102 elementor-widget__width-initial elementor-widget elementor-widget-text-editor\" data-id=\"56eb102\" data-element_type=\"widget\" data-e-type=\"widget\" data-widget_type=\"text-editor.default\">\n\t\t\t\t\t\t\t\t\t<p>En janvier 2008, Charlotte et Thomas se lancent dans l\u2019aventure viticole avec l\u2019acquisition du domaine du Clos de l\u2019\u00c9lu, sur les terroirs schisteux de l\u2019Anjou noir. Forts de plusieurs ann\u00e9es d\u2019exp\u00e9rience comme consultant viticole (pour Thomas) ou dans les domaines de la communication et de la gestion (pour Charlotte), tous deux m\u00e8nent avec passion la vie de ce domaine qui s\u2019appuie sur les plus beaux terroirs de la vall\u00e9e du Layon.<\/p>\n\t\t\t\t\t\t\t\t<\/div>\n\t\t\t\t<div class=\"elementor-element elementor-element-15c4998 elementor-widget elementor-widget-image\" data-id=\"15c4998\" data-element_type=\"widget\" data-e-type=\"widget\" data-widget_type=\"image.default\">\n\t\t\t\t\t\t\t\t\t\t\t\t\t\t\t<img fetchpriority=\"high\" decoding=\"async\" width=\"778\" height=\"765\" src=\"https:\/\/www.terredelelu.com\/wp-content\/uploads\/2024\/11\/Desktop-Illu-Boussole.png\" class=\"attachment-full size-full wp-image-3569\" alt=\"\" srcset=\"https:\/\/www.terredelelu.com\/wp-content\/uploads\/2024\/11\/Desktop-Illu-Boussole.png 778w, https:\/\/www.terredelelu.com\/wp-content\/uploads\/2024\/11\/Desktop-Illu-Boussole-300x295.png 300w, https:\/\/www.terredelelu.com\/wp-content\/uploads\/2024\/11\/Desktop-Illu-Boussole-768x755.png 768w\" sizes=\"(max-width: 778px) 100vw, 778px\" \/>\t\t\t\t\t\t\t\t\t\t\t\t\t\t\t<\/div>\n\t\t\t\t<\/div>\n\t\t\t\t\t<\/div>\n\t\t\t\t<\/div>\n\t\t\t\t<\/div>\n\t\t<\/div>\n\t\t\t\t\t\t<\/div>\n\t\t\t\t<\/div>\n\t\t<div class=\"elementor-element elementor-element-1f6b1577 e-con-full e-flex e-con e-parent\" data-id=\"1f6b1577\" data-element_type=\"container\" data-e-type=\"container\">\n\t\t\t\t<div class=\"elementor-element elementor-element-394f1068 elementor-widget elementor-widget-shortcode\" data-id=\"394f1068\" data-element_type=\"widget\" data-e-type=\"widget\" data-widget_type=\"shortcode.default\">\n\t\t\t\t\t\t\t<div class=\"elementor-shortcode\">\t\t<div data-elementor-type=\"section\" data-elementor-id=\"4766\" class=\"elementor elementor-4766\" data-elementor-post-type=\"elementor_library\">\n\t\t\t<div class=\"elementor-element elementor-element-d077a7f e-flex e-con-boxed e-con e-parent\" data-id=\"d077a7f\" data-element_type=\"container\" data-e-type=\"container\">\n\t\t\t\t\t<div class=\"e-con-inner\">\n\t\t\t\t<div class=\"elementor-element elementor-element-6c34803 elementor-widget elementor-widget-heading\" data-id=\"6c34803\" data-element_type=\"widget\" data-e-type=\"widget\" data-widget_type=\"heading.default\">\n\t\t\t\t\t<h2 class=\"elementor-heading-title elementor-size-default\">Notre port d\u2019attache\u00a0: Saint Aubin de Luign\u00e9, village viticole<\/h2>\t\t\t\t<\/div>\n\t\t\t\t<div class=\"elementor-element elementor-element-4f4841e elementor-widget__width-inherit elementor-widget elementor-widget-text-editor\" data-id=\"4f4841e\" data-element_type=\"widget\" data-e-type=\"widget\" data-widget_type=\"text-editor.default\">\n\t\t\t\t\t\t\t\t\t<p>Le Domaine Terre de l\u2019\u00c9lu se situe \u00e0 Saint Aubin de Luign\u00e9, au c\u0153ur de la vall\u00e9e du Layon, une petite vall\u00e9e int\u00e9gr\u00e9e dans les appellations du Val de Loire.<\/p>\n<p>Nos vignes sont r\u00e9parties autour du village, entre Chaume et Ardenay, sur la rive droite du Layon.<\/p>\n\t\t\t\t\t\t\t\t<\/div>\n\t\t\t\t\t<\/div>\n\t\t\t\t<\/div>\n\t\t<div class=\"elementor-element elementor-element-9627f2a e-flex e-con-boxed e-con e-parent\" data-id=\"9627f2a\" data-element_type=\"container\" data-e-type=\"container\">\n\t\t\t\t\t<div class=\"e-con-inner\">\n\t\t\t\t<div class=\"elementor-element elementor-element-e1654b6 elementor-widget elementor-widget-heading\" data-id=\"e1654b6\" data-element_type=\"widget\" data-e-type=\"widget\" data-widget_type=\"heading.default\">\n\t\t\t\t\t<h2 class=\"elementor-heading-title elementor-size-default\">Notre oc\u00e9an : un terroir de schistes et de quartz<\/h2>\t\t\t\t<\/div>\n\t\t\t\t<div class=\"elementor-element elementor-element-94b099c elementor-widget__width-inherit elementor-widget elementor-widget-text-editor\" data-id=\"94b099c\" data-element_type=\"widget\" data-e-type=\"widget\" data-widget_type=\"text-editor.default\">\n\t\t\t\t\t\t\t\t\t<p>L\u2019int\u00e9gralit\u00e9 du domaine se situe sur les terroirs de l\u2019Anjou noir. Sur un socle schisteux, cette partie du massif armoricain offre une grande diversit\u00e9 de roches volcaniques et m\u00e9tamorphiques.<\/p>\n<p>Tourment\u00e9es par des plissements g\u00e9ologiques et sous l\u2019effet de l\u2019\u00e9rosion, elles laissent apparaitre en surface, sur des sols limono-sableux ou limono-argileux, des galets de quartz par endroit ou des cailloux sombres aux reflets bleut\u00e9s, gris ou volets comme la phtanite, la spilite, la cin\u00e9rite (cendre volcanique compress\u00e9e), le gr\u00e8s et le schiste bleu.<\/p>\n\t\t\t\t\t\t\t\t<\/div>\n\t\t\t\t\t<\/div>\n\t\t\t\t<\/div>\n\t\t<div class=\"elementor-element elementor-element-644c431 e-flex e-con-boxed e-con e-parent\" data-id=\"644c431\" data-element_type=\"container\" data-e-type=\"container\">\n\t\t\t\t\t<div class=\"e-con-inner\">\n\t\t\t\t<div class=\"elementor-element elementor-element-4f23aaa elementor-widget elementor-widget-heading\" data-id=\"4f23aaa\" data-element_type=\"widget\" data-e-type=\"widget\" data-widget_type=\"heading.default\">\n\t\t\t\t\t<h2 class=\"elementor-heading-title elementor-size-default\">Notre m\u00e9t\u00e9o : la douceur angevine comme climat<\/h2>\t\t\t\t<\/div>\n\t\t\t\t<div class=\"elementor-element elementor-element-61fac69 elementor-widget__width-inherit elementor-widget elementor-widget-text-editor\" data-id=\"61fac69\" data-element_type=\"widget\" data-e-type=\"widget\" data-widget_type=\"text-editor.default\">\n\t\t\t\t\t\t\t\t\t<p>Notre petite vall\u00e9e forme une zone de transition entre les influences oc\u00e9aniques (Atlantique) et continentales (Touraine). Cela se traduit par une bonne pluviom\u00e9trie et des vents dominants venant de l&rsquo;ouest ainsi que des temp\u00e9ratures douces, plus \u00e9lev\u00e9es dans nos vall\u00e9es.<\/p>\n<p>L&rsquo;effet \u00ab\u00a0coteaux expos\u00e9s sud\u00a0\u00bb accentue l&rsquo;insolation et donc \u00e9l\u00e8ve la temp\u00e9rature en m\u00eame temps qu&rsquo;il ass\u00e8che les sols. La couleur sombre de nos sols favorise \u00e9galement ce ph\u00e9nom\u00e8ne, qui profite aux plantes. Cela donne des accents m\u00e9diterran\u00e9ens \u00e0 nos coteaux du Layon.<\/p>\n\t\t\t\t\t\t\t\t<\/div>\n\t\t\t\t\t<\/div>\n\t\t\t\t<\/div>\n\t\t<div class=\"elementor-element elementor-element-f307353 e-flex e-con-boxed e-con e-parent\" data-id=\"f307353\" data-element_type=\"container\" data-e-type=\"container\">\n\t\t\t\t\t<div class=\"e-con-inner\">\n\t\t\t\t<div class=\"elementor-element elementor-element-39c76bd elementor-widget elementor-widget-heading\" data-id=\"39c76bd\" data-element_type=\"widget\" data-e-type=\"widget\" data-widget_type=\"heading.default\">\n\t\t\t\t\t<h2 class=\"elementor-heading-title elementor-size-default\">Nos lieux-dits : un archipel constitu\u00e9 de plusieurs ilots parcellaires<\/h2>\t\t\t\t<\/div>\n\t\t\t\t<div class=\"elementor-element elementor-element-da145e2 elementor-widget__width-inherit elementor-widget elementor-widget-text-editor\" data-id=\"da145e2\" data-element_type=\"widget\" data-e-type=\"widget\" data-widget_type=\"text-editor.default\">\n\t\t\t\t\t\t\t\t\t<p>Les vins du domaine sont issus de 6 lieux-dits, correspondant chacun \u00e0 un terroir sp\u00e9cifique : L\u2019Aiglerie, Les Barres, Les Bruandi\u00e8res, Chaume, Le Vaux, Ardenay.<\/p>\n<p>Cette mosa\u00efque nous permet de combiner au sein de notre gamme des expressions parcellaires \u00e0 forte identit\u00e9 comme des assemblages plus complexes combinant plusieurs facettes d\u2019un m\u00eame c\u00e9page.<\/p>\n\t\t\t\t\t\t\t\t<\/div>\n\t\t\t\t\t<\/div>\n\t\t\t\t<\/div>\n\t\t<div class=\"elementor-element elementor-element-b0dc711 e-flex e-con-boxed e-con e-parent\" data-id=\"b0dc711\" data-element_type=\"container\" data-e-type=\"container\">\n\t\t\t\t\t<div class=\"e-con-inner\">\n\t\t\t\t\t<\/div>\n\t\t\t\t<\/div>\n\t\t<div class=\"elementor-element elementor-element-2ba46f2 e-flex e-con-boxed e-con e-parent\" data-id=\"2ba46f2\" data-element_type=\"container\" data-e-type=\"container\">\n\t\t\t\t\t<div class=\"e-con-inner\">\n\t\t\t\t\t<\/div>\n\t\t\t\t<\/div>\n\t\t\t\t<\/div>\n\t\t<\/div>\n\t\t\t\t\t\t<\/div>\n\t\t\t\t<\/div>\n\t\t\t\t<\/div>\n\t\t<\/div>\n\t\t\t\t\t\t<\/div>\n\t\t\t\t\t<\/div>\n\t\t\t\t<\/div>\n\t\t\t\t<\/div>\n\t\t","protected":false},"excerpt":{"rendered":"<p>En janvier 2008, Charlotte et Thomas se lancent dans l\u2019aventure viticole avec l\u2019acquisition du domaine du Clos de l\u2019\u00c9lu, sur les terroirs schisteux de l\u2019Anjou noir. Forts de plusieurs ann\u00e9es d\u2019exp\u00e9rience comme consultant viticole (pour Thomas) ou dans les domaines de la communication et de la gestion (pour Charlotte), tous deux m\u00e8nent avec passion la vie de ce domaine qui s\u2019appuie sur les plus beaux terroirs de la vall\u00e9e du Layon.<\/p>\n","protected":false},"author":1,"featured_media":5141,"parent":3152,"menu_order":0,"comment_status":"closed","ping_status":"closed","template":"","meta":{"_acf_changed":false,"footnotes":""},"class_list":["post-130","page","type-page","status-publish","has-post-thumbnail","hentry"],"acf":[],"_links":{"self":[{"href":"https:\/\/www.terredelelu.com\/fr\/wp-json\/wp\/v2\/pages\/130","targetHints":{"allow":["GET"]}}],"collection":[{"href":"https:\/\/www.terredelelu.com\/fr\/wp-json\/wp\/v2\/pages"}],"about":[{"href":"https:\/\/www.terredelelu.com\/fr\/wp-json\/wp\/v2\/types\/page"}],"author":[{"embeddable":true,"href":"https:\/\/www.terredelelu.com\/fr\/wp-json\/wp\/v2\/users\/1"}],"replies":[{"embeddable":true,"href":"https:\/\/www.terredelelu.com\/fr\/wp-json\/wp\/v2\/comments?post=130"}],"version-history":[{"count":0,"href":"https:\/\/www.terredelelu.com\/fr\/wp-json\/wp\/v2\/pages\/130\/revisions"}],"up":[{"embeddable":true,"href":"https:\/\/www.terredelelu.com\/fr\/wp-json\/wp\/v2\/pages\/3152"}],"wp:featuredmedia":[{"embeddable":true,"href":"https:\/\/www.terredelelu.com\/fr\/wp-json\/wp\/v2\/media\/5141"}],"wp:attachment":[{"href":"https:\/\/www.terredelelu.com\/fr\/wp-json\/wp\/v2\/media?parent=130"}],"curies":[{"name":"wp","href":"https:\/\/api.w.org\/{rel}","templated":true}]}}