{"id":3336,"date":"2024-10-23T14:10:29","date_gmt":"2024-10-23T13:10:29","guid":{"rendered":"https:\/\/www.terredelelu.com\/?page_id=3336"},"modified":"2025-02-18T15:06:48","modified_gmt":"2025-02-18T14:06:48","slug":"cave-cuisine","status":"publish","type":"page","link":"https:\/\/www.terredelelu.com\/fr\/esprit\/cave-cuisine\/","title":{"rendered":"En cave comme en cuisine"},"content":{"rendered":"\t\t<div data-elementor-type=\"wp-page\" data-elementor-id=\"3336\" class=\"elementor elementor-3336\" data-elementor-post-type=\"page\">\n\t\t\t\t<div class=\"elementor-element elementor-element-e89ab99 e-flex e-con-boxed e-con e-parent\" data-id=\"e89ab99\" data-element_type=\"container\" data-e-type=\"container\">\n\t\t\t\t\t<div class=\"e-con-inner\">\n\t\t\t\t<div class=\"elementor-element elementor-element-81201f6 elementor-widget elementor-widget-shortcode\" data-id=\"81201f6\" data-element_type=\"widget\" data-e-type=\"widget\" data-widget_type=\"shortcode.default\">\n\t\t\t\t\t\t\t<div class=\"elementor-shortcode\">\t\t<div data-elementor-type=\"page\" data-elementor-id=\"5133\" class=\"elementor elementor-5133\" data-elementor-post-type=\"elementor_library\">\n\t\t\t\t<div class=\"elementor-element elementor-element-25a43d1c e-con-full e-flex e-con e-parent\" data-id=\"25a43d1c\" data-element_type=\"container\" data-e-type=\"container\">\n\t\t\t\t<div class=\"elementor-element elementor-element-6594a5e7 elementor-widget elementor-widget-shortcode\" data-id=\"6594a5e7\" data-element_type=\"widget\" data-e-type=\"widget\" data-widget_type=\"shortcode.default\">\n\t\t\t\t\t\t\t<div class=\"elementor-shortcode\">\t\t<div data-elementor-type=\"page\" data-elementor-id=\"4727\" class=\"elementor elementor-4727\" data-elementor-post-type=\"elementor_library\">\n\t\t\t\t<div class=\"elementor-element elementor-element-2c4830f elementor-hidden-desktop elementor-hidden-tablet e-flex e-con-boxed e-con e-parent\" data-id=\"2c4830f\" data-element_type=\"container\" data-e-type=\"container\">\n\t\t\t\t\t<div class=\"e-con-inner\">\n\t\t\t\t<div class=\"elementor-element elementor-element-f81190d elementor-widget elementor-widget-image\" data-id=\"f81190d\" data-element_type=\"widget\" data-e-type=\"widget\" data-widget_type=\"image.default\">\n\t\t\t\t\t\t\t\t\t\t\t\t\t\t\t<img fetchpriority=\"high\" decoding=\"async\" width=\"778\" height=\"765\" src=\"https:\/\/www.terredelelu.com\/wp-content\/uploads\/2024\/11\/Desktop-Illu-Boussole.png\" class=\"attachment-full size-full wp-image-3569\" alt=\"\" srcset=\"https:\/\/www.terredelelu.com\/wp-content\/uploads\/2024\/11\/Desktop-Illu-Boussole.png 778w, https:\/\/www.terredelelu.com\/wp-content\/uploads\/2024\/11\/Desktop-Illu-Boussole-300x295.png 300w, https:\/\/www.terredelelu.com\/wp-content\/uploads\/2024\/11\/Desktop-Illu-Boussole-768x755.png 768w\" sizes=\"(max-width: 778px) 100vw, 778px\" \/>\t\t\t\t\t\t\t\t\t\t\t\t\t\t\t<\/div>\n\t\t\t\t\t<\/div>\n\t\t\t\t<\/div>\n\t\t<div class=\"elementor-element elementor-element-13d18c4 elementor-hidden-desktop elementor-hidden-tablet e-flex e-con-boxed e-con e-parent\" data-id=\"13d18c4\" data-element_type=\"container\" data-e-type=\"container\">\n\t\t\t\t\t<div class=\"e-con-inner\">\n\t\t\t\t<div class=\"elementor-element elementor-element-aeb2f55 elementor-widget__width-initial elementor-widget-mobile__width-initial elementor-widget elementor-widget-heading\" data-id=\"aeb2f55\" data-element_type=\"widget\" data-e-type=\"widget\" data-widget_type=\"heading.default\">\n\t\t\t\t\t<h1 class=\"elementor-heading-title elementor-size-default\"><p>En cave comme en cuisine<\/p>\n<\/h1>\t\t\t\t<\/div>\n\t\t\t\t<div class=\"elementor-element elementor-element-370b94e elementor-widget__width-initial elementor-widget-mobile__width-initial elementor-widget elementor-widget-text-editor\" data-id=\"370b94e\" data-element_type=\"widget\" data-e-type=\"widget\" data-widget_type=\"text-editor.default\">\n\t\t\t\t\t\t\t\t\t<p>Une gamme qui fait la part belle aux rouges issus de<strong> cabernet franc<\/strong>, <strong>gamay<\/strong> ou<strong> pineau d\u2019aunis<\/strong> en compl\u00e9ment des vins blancs secs issus de <strong>chenin<\/strong>, des maturit\u00e9s abouties, des vinifications naturelles, des \u00e9levages longs en cuve, en barriques, en foudre, ou en amphores\u2026 les vins de Terre de l\u2019Elu sont avant tout une interpr\u00e9tation d\u2019un terroir.<\/p>\n\t\t\t\t\t\t\t\t<\/div>\n\t\t\t\t<div class=\"elementor-element elementor-element-df4359d elementor-invisible elementor-widget elementor-widget-image\" data-id=\"df4359d\" data-element_type=\"widget\" data-e-type=\"widget\" data-settings=\"{&quot;_animation&quot;:&quot;fadeInUp&quot;}\" data-widget_type=\"image.default\">\n\t\t\t\t\t\t\t\t\t\t\t\t\t\t\t<img decoding=\"async\" width=\"862\" height=\"792\" src=\"https:\/\/www.terredelelu.com\/wp-content\/uploads\/2025\/01\/cave-cuisine.jpg\" class=\"attachment-full size-full wp-image-5542\" alt=\"Cave et Cuisine\" srcset=\"https:\/\/www.terredelelu.com\/wp-content\/uploads\/2025\/01\/cave-cuisine.jpg 862w, https:\/\/www.terredelelu.com\/wp-content\/uploads\/2025\/01\/cave-cuisine-300x276.jpg 300w, https:\/\/www.terredelelu.com\/wp-content\/uploads\/2025\/01\/cave-cuisine-768x706.jpg 768w\" sizes=\"(max-width: 862px) 100vw, 862px\" \/>\t\t\t\t\t\t\t\t\t\t\t\t\t\t\t<\/div>\n\t\t\t\t\t<\/div>\n\t\t\t\t<\/div>\n\t\t<div class=\"elementor-element elementor-element-807989b elementor-hidden-tablet elementor-hidden-mobile e-flex e-con-boxed e-con e-parent\" data-id=\"807989b\" data-element_type=\"container\" data-e-type=\"container\">\n\t\t\t\t\t<div class=\"e-con-inner\">\n\t\t<div class=\"elementor-element elementor-element-d9f6e49 e-con-full e-flex e-con e-child\" data-id=\"d9f6e49\" data-element_type=\"container\" data-e-type=\"container\">\n\t\t\t\t<div class=\"elementor-element elementor-element-465a243 animated-slow elementor-invisible elementor-widget elementor-widget-image\" data-id=\"465a243\" data-element_type=\"widget\" data-e-type=\"widget\" data-settings=\"{&quot;_animation&quot;:&quot;fadeIn&quot;}\" data-widget_type=\"image.default\">\n\t\t\t\t\t\t\t\t\t\t\t\t\t\t\t<img decoding=\"async\" src=\"https:\/\/www.terredelelu.com\/wp-content\/uploads\/elementor\/thumbs\/cave-cuisine-r0pxex77eptk1ke9lntqhiadhkdzeglmuanvoscfmc.jpg\" title=\"cave-cuisine\" alt=\"Cave et Cuisine\" loading=\"lazy\" \/>\t\t\t\t\t\t\t\t\t\t\t\t\t\t\t<\/div>\n\t\t\t\t<\/div>\n\t\t<div class=\"elementor-element elementor-element-277c207 e-con-full e-flex e-con e-child\" data-id=\"277c207\" data-element_type=\"container\" data-e-type=\"container\">\n\t\t\t\t<div class=\"elementor-element elementor-element-4118427 elementor-widget__width-initial elementor-widget elementor-widget-heading\" data-id=\"4118427\" data-element_type=\"widget\" data-e-type=\"widget\" data-widget_type=\"heading.default\">\n\t\t\t\t\t<h1 class=\"elementor-heading-title elementor-size-default\"><p>En cave comme en cuisine<\/p>\n<\/h1>\t\t\t\t<\/div>\n\t\t\t\t<div class=\"elementor-element elementor-element-2bcf849 elementor-widget__width-initial elementor-widget elementor-widget-text-editor\" data-id=\"2bcf849\" data-element_type=\"widget\" data-e-type=\"widget\" data-widget_type=\"text-editor.default\">\n\t\t\t\t\t\t\t\t\t<p>Une gamme qui fait la part belle aux rouges issus de<strong> cabernet franc<\/strong>, <strong>gamay<\/strong> ou<strong> pineau d\u2019aunis<\/strong> en compl\u00e9ment des vins blancs secs issus de <strong>chenin<\/strong>, des maturit\u00e9s abouties, des vinifications naturelles, des \u00e9levages longs en cuve, en barriques, en foudre, ou en amphores\u2026 les vins de Terre de l\u2019Elu sont avant tout une interpr\u00e9tation d\u2019un terroir.<\/p>\n\t\t\t\t\t\t\t\t<\/div>\n\t\t\t\t<div class=\"elementor-element elementor-element-f256f53 elementor-widget elementor-widget-image\" data-id=\"f256f53\" data-element_type=\"widget\" data-e-type=\"widget\" data-widget_type=\"image.default\">\n\t\t\t\t\t\t\t\t\t\t\t\t\t\t\t<img fetchpriority=\"high\" decoding=\"async\" width=\"778\" height=\"765\" src=\"https:\/\/www.terredelelu.com\/wp-content\/uploads\/2024\/11\/Desktop-Illu-Boussole.png\" class=\"attachment-full size-full wp-image-3569\" alt=\"\" srcset=\"https:\/\/www.terredelelu.com\/wp-content\/uploads\/2024\/11\/Desktop-Illu-Boussole.png 778w, https:\/\/www.terredelelu.com\/wp-content\/uploads\/2024\/11\/Desktop-Illu-Boussole-300x295.png 300w, https:\/\/www.terredelelu.com\/wp-content\/uploads\/2024\/11\/Desktop-Illu-Boussole-768x755.png 768w\" sizes=\"(max-width: 778px) 100vw, 778px\" \/>\t\t\t\t\t\t\t\t\t\t\t\t\t\t\t<\/div>\n\t\t\t\t<\/div>\n\t\t\t\t\t<\/div>\n\t\t\t\t<\/div>\n\t\t<div class=\"elementor-element elementor-element-680764b elementor-hidden-mobile elementor-hidden-desktop e-flex e-con-boxed e-con e-parent\" data-id=\"680764b\" data-element_type=\"container\" data-e-type=\"container\">\n\t\t\t\t\t<div class=\"e-con-inner\">\n\t\t<div class=\"elementor-element elementor-element-fe1ddc8 e-con-full e-flex e-con e-child\" data-id=\"fe1ddc8\" data-element_type=\"container\" data-e-type=\"container\">\n\t\t\t\t<div class=\"elementor-element elementor-element-8da0a23 animated-slow elementor-invisible elementor-widget elementor-widget-image\" data-id=\"8da0a23\" data-element_type=\"widget\" data-e-type=\"widget\" data-settings=\"{&quot;_animation&quot;:&quot;fadeIn&quot;}\" data-widget_type=\"image.default\">\n\t\t\t\t\t\t\t\t\t\t\t\t\t\t\t<img decoding=\"async\" width=\"862\" height=\"792\" src=\"https:\/\/www.terredelelu.com\/wp-content\/uploads\/2025\/01\/cave-cuisine.jpg\" class=\"attachment-full size-full wp-image-5542\" alt=\"Cave et Cuisine\" srcset=\"https:\/\/www.terredelelu.com\/wp-content\/uploads\/2025\/01\/cave-cuisine.jpg 862w, https:\/\/www.terredelelu.com\/wp-content\/uploads\/2025\/01\/cave-cuisine-300x276.jpg 300w, https:\/\/www.terredelelu.com\/wp-content\/uploads\/2025\/01\/cave-cuisine-768x706.jpg 768w\" sizes=\"(max-width: 862px) 100vw, 862px\" \/>\t\t\t\t\t\t\t\t\t\t\t\t\t\t\t<\/div>\n\t\t\t\t<\/div>\n\t\t<div class=\"elementor-element elementor-element-c731ab6 e-con-full e-flex e-con e-child\" data-id=\"c731ab6\" data-element_type=\"container\" data-e-type=\"container\">\n\t\t\t\t<div class=\"elementor-element elementor-element-85612d9 elementor-widget__width-initial elementor-widget-tablet__width-initial elementor-widget elementor-widget-heading\" data-id=\"85612d9\" data-element_type=\"widget\" data-e-type=\"widget\" data-widget_type=\"heading.default\">\n\t\t\t\t\t<h1 class=\"elementor-heading-title elementor-size-default\"><p>En cave comme en cuisine<\/p>\n<\/h1>\t\t\t\t<\/div>\n\t\t\t\t<div class=\"elementor-element elementor-element-56eb102 elementor-widget__width-initial elementor-widget elementor-widget-text-editor\" data-id=\"56eb102\" data-element_type=\"widget\" data-e-type=\"widget\" data-widget_type=\"text-editor.default\">\n\t\t\t\t\t\t\t\t\t<p>Une gamme qui fait la part belle aux rouges issus de<strong> cabernet franc<\/strong>, <strong>gamay<\/strong> ou<strong> pineau d\u2019aunis<\/strong> en compl\u00e9ment des vins blancs secs issus de <strong>chenin<\/strong>, des maturit\u00e9s abouties, des vinifications naturelles, des \u00e9levages longs en cuve, en barriques, en foudre, ou en amphores\u2026 les vins de Terre de l\u2019Elu sont avant tout une interpr\u00e9tation d\u2019un terroir.<\/p>\n\t\t\t\t\t\t\t\t<\/div>\n\t\t\t\t<div class=\"elementor-element elementor-element-15c4998 elementor-widget elementor-widget-image\" data-id=\"15c4998\" data-element_type=\"widget\" data-e-type=\"widget\" data-widget_type=\"image.default\">\n\t\t\t\t\t\t\t\t\t\t\t\t\t\t\t<img fetchpriority=\"high\" decoding=\"async\" width=\"778\" height=\"765\" src=\"https:\/\/www.terredelelu.com\/wp-content\/uploads\/2024\/11\/Desktop-Illu-Boussole.png\" class=\"attachment-full size-full wp-image-3569\" alt=\"\" srcset=\"https:\/\/www.terredelelu.com\/wp-content\/uploads\/2024\/11\/Desktop-Illu-Boussole.png 778w, https:\/\/www.terredelelu.com\/wp-content\/uploads\/2024\/11\/Desktop-Illu-Boussole-300x295.png 300w, https:\/\/www.terredelelu.com\/wp-content\/uploads\/2024\/11\/Desktop-Illu-Boussole-768x755.png 768w\" sizes=\"(max-width: 778px) 100vw, 778px\" \/>\t\t\t\t\t\t\t\t\t\t\t\t\t\t\t<\/div>\n\t\t\t\t<\/div>\n\t\t\t\t\t<\/div>\n\t\t\t\t<\/div>\n\t\t\t\t<\/div>\n\t\t<\/div>\n\t\t\t\t\t\t<\/div>\n\t\t\t\t<\/div>\n\t\t<div class=\"elementor-element elementor-element-1f6b1577 e-con-full e-flex e-con e-parent\" data-id=\"1f6b1577\" data-element_type=\"container\" data-e-type=\"container\">\n\t\t\t\t<div class=\"elementor-element elementor-element-394f1068 elementor-widget elementor-widget-shortcode\" data-id=\"394f1068\" data-element_type=\"widget\" data-e-type=\"widget\" data-widget_type=\"shortcode.default\">\n\t\t\t\t\t\t\t<div class=\"elementor-shortcode\">\t\t<div data-elementor-type=\"section\" data-elementor-id=\"4766\" class=\"elementor elementor-4766\" data-elementor-post-type=\"elementor_library\">\n\t\t\t<div class=\"elementor-element elementor-element-d077a7f e-flex e-con-boxed e-con e-parent\" data-id=\"d077a7f\" data-element_type=\"container\" data-e-type=\"container\">\n\t\t\t\t\t<div class=\"e-con-inner\">\n\t\t\t\t<div class=\"elementor-element elementor-element-6c34803 elementor-widget elementor-widget-heading\" data-id=\"6c34803\" data-element_type=\"widget\" data-e-type=\"widget\" data-widget_type=\"heading.default\">\n\t\t\t\t\t<h2 class=\"elementor-heading-title elementor-size-default\">Chenin bien s\u00fbr, mais aussi du rouge !<\/h2>\t\t\t\t<\/div>\n\t\t\t\t<div class=\"elementor-element elementor-element-4f4841e elementor-widget__width-inherit elementor-widget elementor-widget-text-editor\" data-id=\"4f4841e\" data-element_type=\"widget\" data-e-type=\"widget\" data-widget_type=\"text-editor.default\">\n\t\t\t\t\t\t\t\t\t<p>L\u2019une des singularit\u00e9s du domaine r\u00e9side dans son enc\u00e9pagement. Alors que c\u2019est principalement le chenin qui nous a attir\u00e9s en Anjou, plus de la moiti\u00e9 des terroirs du Clos de l\u2019Elu est constitu\u00e9e de c\u00e9pages rouges : Cabernet franc, gamay, grolleau, et pineau d\u2019Aunis. La cuv\u00e9e l\u2019Aiglerie appara\u00eet la premi\u00e8re dans la nouvelle gamme d\u00e8s l\u2019ann\u00e9e 2008, \u00e0 partir de cabernet franc vinifi\u00e9 en grappes enti\u00e8res.<\/p>\n<p>Un choix original, n\u00e9 de la volont\u00e9 de Thomas de sortir des sentiers battus et de suivre ses intuitions, pour aller chercher \u00e0 la fois le fruit et la finesse des tanins issus d\u2019un c\u00e9page souvent r\u00e9put\u00e9 aust\u00e8re.<\/p>\n<p><strong>En 2010, Charlotte fait ses premi\u00e8res armes en cave et cr\u00e9e la cuv\u00e9e Esp\u00e9rance,<\/strong> 100% pineau d\u2019Aunis. Ensemble, nous appuyant chacun sur notre exp\u00e9rience, notre vision du vin et notre formation (Charlotte passera un bac pro vignes et vin en 2018 !), nous peaufinons ann\u00e9e apr\u00e8s ann\u00e9e notre approche de la mac\u00e9ration-infusion pour les rouges, allongeons les temps d\u2019\u00e9levage (de 10 \u00e0 30 mois selon les cuv\u00e9es), multiplions les contenants (cuves inox, cuves bois, barriques anciennes et jarres de terre cuite).<\/p>\n<p><strong>Le Chenin reste bien s\u00fbr pr\u00e9sent dans la gamme,<\/strong> \u00e0 travers des cuv\u00e9es 100% chenin comme Bastingage (assemblage de 4 terroirs de Chenin), Ephata (vieilles vignes vinifi\u00e9es en amphore) et Parfum d\u2019Eden (terroir de Chaume vinifi\u00e9 en blanc sec) ou en assemblage au sein de la cuv\u00e9e Roc\u2019h Avel o\u00f9 le c\u00e9page roi de l\u2019Anjou c\u00f4toie le Sauvignon blanc. Nous aimons les maturit\u00e9s abouties, et allons chercher des peaux bien m\u00fbres, ce qui donne des vins amples et riches tout en restant droits, pr\u00e9cis et fid\u00e8les \u00e0 la min\u00e9ralit\u00e9 du chenin.<\/p>\n\t\t\t\t\t\t\t\t<\/div>\n\t\t\t\t\t<\/div>\n\t\t\t\t<\/div>\n\t\t<div class=\"elementor-element elementor-element-9627f2a e-flex e-con-boxed e-con e-parent\" data-id=\"9627f2a\" data-element_type=\"container\" data-e-type=\"container\">\n\t\t\t\t\t<div class=\"e-con-inner\">\n\t\t\t\t<div class=\"elementor-element elementor-element-e1654b6 elementor-widget elementor-widget-heading\" data-id=\"e1654b6\" data-element_type=\"widget\" data-e-type=\"widget\" data-widget_type=\"heading.default\">\n\t\t\t\t\t<h2 class=\"elementor-heading-title elementor-size-default\">Des vins d\u2019artisan<\/h2>\t\t\t\t<\/div>\n\t\t\t\t<div class=\"elementor-element elementor-element-94b099c elementor-widget__width-inherit elementor-widget elementor-widget-text-editor\" data-id=\"94b099c\" data-element_type=\"widget\" data-e-type=\"widget\" data-widget_type=\"text-editor.default\">\n\t\t\t\t\t\t\t\t\t<p>En cave, il n\u2019y a pas vraiment de recette, juste de l\u2019exp\u00e9rience, une pinc\u00e9e de bon-sens, quelques grammes de connaissances et beaucoup de bon sens\u00a0!<\/p>\n<p><strong>Nous nous adaptons chaque ann\u00e9e au profil du mill\u00e9sime tout en respectant\u00a0<\/strong><\/p>\n<ul>\n<li>Des vendanges \u00e0 maturit\u00e9 aboutie, au-del\u00e0 des modes<\/li>\n<li>Des vinifications naturelles : levures indig\u00e8ne, pieds de cuves parcellaires<\/li>\n<li>Fermentations et \u00e9levages en cuve, en barrique ou en jarres selon le type de vin \u00e9labor\u00e9<\/li>\n<li>Des \u00e9levages longs : de 6 mois pour nos cuv\u00e9es de printemps \u00e0 2 ou 3 ans pour nos vins de garde<\/li>\n<li>Des apports l\u00e9gers en sulfites<\/li>\n<\/ul>\n<p>Nous aimons dire \u00e0 nos vins \u00e0 la mani\u00e8re de Saint Augustin\u00a0: \u00ab\u00a0Deviens ce que tu es\u00a0\u00bb\u00a0!<\/p>\n\t\t\t\t\t\t\t\t<\/div>\n\t\t\t\t\t<\/div>\n\t\t\t\t<\/div>\n\t\t<div class=\"elementor-element elementor-element-644c431 e-flex e-con-boxed e-con e-parent\" data-id=\"644c431\" data-element_type=\"container\" data-e-type=\"container\">\n\t\t\t\t\t<div class=\"e-con-inner\">\n\t\t\t\t\t<\/div>\n\t\t\t\t<\/div>\n\t\t<div class=\"elementor-element elementor-element-f307353 e-flex e-con-boxed e-con e-parent\" data-id=\"f307353\" data-element_type=\"container\" data-e-type=\"container\">\n\t\t\t\t\t<div class=\"e-con-inner\">\n\t\t\t\t\t<\/div>\n\t\t\t\t<\/div>\n\t\t<div class=\"elementor-element elementor-element-b0dc711 e-flex e-con-boxed e-con e-parent\" data-id=\"b0dc711\" data-element_type=\"container\" data-e-type=\"container\">\n\t\t\t\t\t<div class=\"e-con-inner\">\n\t\t\t\t\t<\/div>\n\t\t\t\t<\/div>\n\t\t<div class=\"elementor-element elementor-element-2ba46f2 e-flex e-con-boxed e-con e-parent\" data-id=\"2ba46f2\" data-element_type=\"container\" data-e-type=\"container\">\n\t\t\t\t\t<div class=\"e-con-inner\">\n\t\t\t\t\t<\/div>\n\t\t\t\t<\/div>\n\t\t\t\t<\/div>\n\t\t<\/div>\n\t\t\t\t\t\t<\/div>\n\t\t\t\t<\/div>\n\t\t\t\t<\/div>\n\t\t<\/div>\n\t\t\t\t\t\t<\/div>\n\t\t\t\t\t<\/div>\n\t\t\t\t<\/div>\n\t\t\t\t<\/div>\n\t\t","protected":false},"excerpt":{"rendered":"","protected":false},"author":2,"featured_media":5542,"parent":3332,"menu_order":0,"comment_status":"closed","ping_status":"closed","template":"","meta":{"_acf_changed":false,"footnotes":""},"class_list":["post-3336","page","type-page","status-publish","has-post-thumbnail","hentry"],"acf":[],"_links":{"self":[{"href":"https:\/\/www.terredelelu.com\/fr\/wp-json\/wp\/v2\/pages\/3336","targetHints":{"allow":["GET"]}}],"collection":[{"href":"https:\/\/www.terredelelu.com\/fr\/wp-json\/wp\/v2\/pages"}],"about":[{"href":"https:\/\/www.terredelelu.com\/fr\/wp-json\/wp\/v2\/types\/page"}],"author":[{"embeddable":true,"href":"https:\/\/www.terredelelu.com\/fr\/wp-json\/wp\/v2\/users\/2"}],"replies":[{"embeddable":true,"href":"https:\/\/www.terredelelu.com\/fr\/wp-json\/wp\/v2\/comments?post=3336"}],"version-history":[{"count":0,"href":"https:\/\/www.terredelelu.com\/fr\/wp-json\/wp\/v2\/pages\/3336\/revisions"}],"up":[{"embeddable":true,"href":"https:\/\/www.terredelelu.com\/fr\/wp-json\/wp\/v2\/pages\/3332"}],"wp:featuredmedia":[{"embeddable":true,"href":"https:\/\/www.terredelelu.com\/fr\/wp-json\/wp\/v2\/media\/5542"}],"wp:attachment":[{"href":"https:\/\/www.terredelelu.com\/fr\/wp-json\/wp\/v2\/media?parent=3336"}],"curies":[{"name":"wp","href":"https:\/\/api.w.org\/{rel}","templated":true}]}}