{"id":3338,"date":"2024-10-23T14:10:45","date_gmt":"2024-10-23T13:10:45","guid":{"rendered":"https:\/\/www.terredelelu.com\/?page_id=3338"},"modified":"2025-11-03T14:29:08","modified_gmt":"2025-11-03T13:29:08","slug":"vin-de-france","status":"publish","type":"page","link":"https:\/\/www.terredelelu.com\/fr\/esprit\/vin-de-france\/","title":{"rendered":"Des vins de France"},"content":{"rendered":"\t\t<div data-elementor-type=\"wp-page\" data-elementor-id=\"3338\" class=\"elementor elementor-3338\" data-elementor-post-type=\"page\">\n\t\t\t\t<div class=\"elementor-element elementor-element-a81c7d3 e-flex e-con-boxed e-con e-parent\" data-id=\"a81c7d3\" data-element_type=\"container\" data-e-type=\"container\">\n\t\t\t\t\t<div class=\"e-con-inner\">\n\t\t\t\t<div class=\"elementor-element elementor-element-af29b73 elementor-widget elementor-widget-shortcode\" data-id=\"af29b73\" data-element_type=\"widget\" data-e-type=\"widget\" data-widget_type=\"shortcode.default\">\n\t\t\t\t\t\t\t<div class=\"elementor-shortcode\">\t\t<div data-elementor-type=\"page\" data-elementor-id=\"5133\" class=\"elementor elementor-5133\" data-elementor-post-type=\"elementor_library\">\n\t\t\t\t<div class=\"elementor-element elementor-element-25a43d1c e-con-full e-flex e-con e-parent\" data-id=\"25a43d1c\" data-element_type=\"container\" data-e-type=\"container\">\n\t\t\t\t<div class=\"elementor-element elementor-element-6594a5e7 elementor-widget elementor-widget-shortcode\" data-id=\"6594a5e7\" data-element_type=\"widget\" data-e-type=\"widget\" data-widget_type=\"shortcode.default\">\n\t\t\t\t\t\t\t<div class=\"elementor-shortcode\">\t\t<div data-elementor-type=\"page\" data-elementor-id=\"4727\" class=\"elementor elementor-4727\" data-elementor-post-type=\"elementor_library\">\n\t\t\t\t<div class=\"elementor-element elementor-element-2c4830f elementor-hidden-desktop elementor-hidden-tablet e-flex e-con-boxed e-con e-parent\" data-id=\"2c4830f\" data-element_type=\"container\" data-e-type=\"container\">\n\t\t\t\t\t<div class=\"e-con-inner\">\n\t\t\t\t<div class=\"elementor-element elementor-element-f81190d elementor-widget elementor-widget-image\" data-id=\"f81190d\" data-element_type=\"widget\" data-e-type=\"widget\" data-widget_type=\"image.default\">\n\t\t\t\t\t\t\t\t\t\t\t\t\t\t\t<img fetchpriority=\"high\" decoding=\"async\" width=\"778\" height=\"765\" src=\"https:\/\/www.terredelelu.com\/wp-content\/uploads\/2024\/11\/Desktop-Illu-Boussole.png\" class=\"attachment-full size-full wp-image-3569\" alt=\"\" srcset=\"https:\/\/www.terredelelu.com\/wp-content\/uploads\/2024\/11\/Desktop-Illu-Boussole.png 778w, https:\/\/www.terredelelu.com\/wp-content\/uploads\/2024\/11\/Desktop-Illu-Boussole-300x295.png 300w, https:\/\/www.terredelelu.com\/wp-content\/uploads\/2024\/11\/Desktop-Illu-Boussole-768x755.png 768w\" sizes=\"(max-width: 778px) 100vw, 778px\" \/>\t\t\t\t\t\t\t\t\t\t\t\t\t\t\t<\/div>\n\t\t\t\t\t<\/div>\n\t\t\t\t<\/div>\n\t\t<div class=\"elementor-element elementor-element-13d18c4 elementor-hidden-desktop elementor-hidden-tablet e-flex e-con-boxed e-con e-parent\" data-id=\"13d18c4\" data-element_type=\"container\" data-e-type=\"container\">\n\t\t\t\t\t<div class=\"e-con-inner\">\n\t\t\t\t<div class=\"elementor-element elementor-element-aeb2f55 elementor-widget__width-initial elementor-widget-mobile__width-initial elementor-widget elementor-widget-heading\" data-id=\"aeb2f55\" data-element_type=\"widget\" data-e-type=\"widget\" data-widget_type=\"heading.default\">\n\t\t\t\t\t<h1 class=\"elementor-heading-title elementor-size-default\"><p>Des vins de France<\/p>\n<\/h1>\t\t\t\t<\/div>\n\t\t\t\t<div class=\"elementor-element elementor-element-370b94e elementor-widget__width-initial elementor-widget-mobile__width-initial elementor-widget elementor-widget-text-editor\" data-id=\"370b94e\" data-element_type=\"widget\" data-e-type=\"widget\" data-widget_type=\"text-editor.default\">\n\t\t\t\t\t\t\t\t\t<p>En 2019, Le Clos de l\u2018Elu est devenu Terre de l\u2019Elu.\u00a0 Sous ce nom Terre de l\u2019\u00c9lu, rien ne change dans la mani\u00e8re de conduire les vignes ni de produire les vins.<\/p>\n\t\t\t\t\t\t\t\t<\/div>\n\t\t\t\t<div class=\"elementor-element elementor-element-df4359d elementor-invisible elementor-widget elementor-widget-image\" data-id=\"df4359d\" data-element_type=\"widget\" data-e-type=\"widget\" data-settings=\"{&quot;_animation&quot;:&quot;fadeInUp&quot;}\" data-widget_type=\"image.default\">\n\t\t\t\t\t\t\t\t\t\t\t\t\t\t\t<img decoding=\"async\" width=\"862\" height=\"792\" src=\"https:\/\/www.terredelelu.com\/wp-content\/uploads\/2025\/01\/vins-de-france.jpg\" class=\"attachment-full size-full wp-image-5540\" alt=\"Vins de France\" srcset=\"https:\/\/www.terredelelu.com\/wp-content\/uploads\/2025\/01\/vins-de-france.jpg 862w, https:\/\/www.terredelelu.com\/wp-content\/uploads\/2025\/01\/vins-de-france-300x276.jpg 300w, https:\/\/www.terredelelu.com\/wp-content\/uploads\/2025\/01\/vins-de-france-768x706.jpg 768w\" sizes=\"(max-width: 862px) 100vw, 862px\" \/>\t\t\t\t\t\t\t\t\t\t\t\t\t\t\t<\/div>\n\t\t\t\t\t<\/div>\n\t\t\t\t<\/div>\n\t\t<div class=\"elementor-element elementor-element-807989b elementor-hidden-tablet elementor-hidden-mobile e-flex e-con-boxed e-con e-parent\" data-id=\"807989b\" data-element_type=\"container\" data-e-type=\"container\">\n\t\t\t\t\t<div class=\"e-con-inner\">\n\t\t<div class=\"elementor-element elementor-element-d9f6e49 e-con-full e-flex e-con e-child\" data-id=\"d9f6e49\" data-element_type=\"container\" data-e-type=\"container\">\n\t\t\t\t<div class=\"elementor-element elementor-element-465a243 animated-slow elementor-invisible elementor-widget elementor-widget-image\" data-id=\"465a243\" data-element_type=\"widget\" data-e-type=\"widget\" data-settings=\"{&quot;_animation&quot;:&quot;fadeIn&quot;}\" data-widget_type=\"image.default\">\n\t\t\t\t\t\t\t\t\t\t\t\t\t\t\t<img decoding=\"async\" src=\"https:\/\/www.terredelelu.com\/wp-content\/uploads\/elementor\/thumbs\/vins-de-france-r0pxcklqbmlr0nt5bn9b93mw0vyy5p9siny6hvtv6c.jpg\" title=\"Vins de France\" alt=\"Vins de France\" loading=\"lazy\" \/>\t\t\t\t\t\t\t\t\t\t\t\t\t\t\t<\/div>\n\t\t\t\t<\/div>\n\t\t<div class=\"elementor-element elementor-element-277c207 e-con-full e-flex e-con e-child\" data-id=\"277c207\" data-element_type=\"container\" data-e-type=\"container\">\n\t\t\t\t<div class=\"elementor-element elementor-element-4118427 elementor-widget__width-initial elementor-widget elementor-widget-heading\" data-id=\"4118427\" data-element_type=\"widget\" data-e-type=\"widget\" data-widget_type=\"heading.default\">\n\t\t\t\t\t<h1 class=\"elementor-heading-title elementor-size-default\"><p>Des vins de France<\/p>\n<\/h1>\t\t\t\t<\/div>\n\t\t\t\t<div class=\"elementor-element elementor-element-2bcf849 elementor-widget__width-initial elementor-widget elementor-widget-text-editor\" data-id=\"2bcf849\" data-element_type=\"widget\" data-e-type=\"widget\" data-widget_type=\"text-editor.default\">\n\t\t\t\t\t\t\t\t\t<p>En 2019, Le Clos de l\u2018Elu est devenu Terre de l\u2019Elu.\u00a0 Sous ce nom Terre de l\u2019\u00c9lu, rien ne change dans la mani\u00e8re de conduire les vignes ni de produire les vins.<\/p>\n\t\t\t\t\t\t\t\t<\/div>\n\t\t\t\t<div class=\"elementor-element elementor-element-f256f53 elementor-widget elementor-widget-image\" data-id=\"f256f53\" data-element_type=\"widget\" data-e-type=\"widget\" data-widget_type=\"image.default\">\n\t\t\t\t\t\t\t\t\t\t\t\t\t\t\t<img fetchpriority=\"high\" decoding=\"async\" width=\"778\" height=\"765\" src=\"https:\/\/www.terredelelu.com\/wp-content\/uploads\/2024\/11\/Desktop-Illu-Boussole.png\" class=\"attachment-full size-full wp-image-3569\" alt=\"\" srcset=\"https:\/\/www.terredelelu.com\/wp-content\/uploads\/2024\/11\/Desktop-Illu-Boussole.png 778w, https:\/\/www.terredelelu.com\/wp-content\/uploads\/2024\/11\/Desktop-Illu-Boussole-300x295.png 300w, https:\/\/www.terredelelu.com\/wp-content\/uploads\/2024\/11\/Desktop-Illu-Boussole-768x755.png 768w\" sizes=\"(max-width: 778px) 100vw, 778px\" \/>\t\t\t\t\t\t\t\t\t\t\t\t\t\t\t<\/div>\n\t\t\t\t<\/div>\n\t\t\t\t\t<\/div>\n\t\t\t\t<\/div>\n\t\t<div class=\"elementor-element elementor-element-680764b elementor-hidden-mobile elementor-hidden-desktop e-flex e-con-boxed e-con e-parent\" data-id=\"680764b\" data-element_type=\"container\" data-e-type=\"container\">\n\t\t\t\t\t<div class=\"e-con-inner\">\n\t\t<div class=\"elementor-element elementor-element-fe1ddc8 e-con-full e-flex e-con e-child\" data-id=\"fe1ddc8\" data-element_type=\"container\" data-e-type=\"container\">\n\t\t\t\t<div class=\"elementor-element elementor-element-8da0a23 animated-slow elementor-invisible elementor-widget elementor-widget-image\" data-id=\"8da0a23\" data-element_type=\"widget\" data-e-type=\"widget\" data-settings=\"{&quot;_animation&quot;:&quot;fadeIn&quot;}\" data-widget_type=\"image.default\">\n\t\t\t\t\t\t\t\t\t\t\t\t\t\t\t<img decoding=\"async\" width=\"862\" height=\"792\" src=\"https:\/\/www.terredelelu.com\/wp-content\/uploads\/2025\/01\/vins-de-france.jpg\" class=\"attachment-full size-full wp-image-5540\" alt=\"Vins de France\" srcset=\"https:\/\/www.terredelelu.com\/wp-content\/uploads\/2025\/01\/vins-de-france.jpg 862w, https:\/\/www.terredelelu.com\/wp-content\/uploads\/2025\/01\/vins-de-france-300x276.jpg 300w, https:\/\/www.terredelelu.com\/wp-content\/uploads\/2025\/01\/vins-de-france-768x706.jpg 768w\" sizes=\"(max-width: 862px) 100vw, 862px\" \/>\t\t\t\t\t\t\t\t\t\t\t\t\t\t\t<\/div>\n\t\t\t\t<\/div>\n\t\t<div class=\"elementor-element elementor-element-c731ab6 e-con-full e-flex e-con e-child\" data-id=\"c731ab6\" data-element_type=\"container\" data-e-type=\"container\">\n\t\t\t\t<div class=\"elementor-element elementor-element-85612d9 elementor-widget__width-initial elementor-widget-tablet__width-initial elementor-widget elementor-widget-heading\" data-id=\"85612d9\" data-element_type=\"widget\" data-e-type=\"widget\" data-widget_type=\"heading.default\">\n\t\t\t\t\t<h1 class=\"elementor-heading-title elementor-size-default\"><p>Des vins de France<\/p>\n<\/h1>\t\t\t\t<\/div>\n\t\t\t\t<div class=\"elementor-element elementor-element-56eb102 elementor-widget__width-initial elementor-widget elementor-widget-text-editor\" data-id=\"56eb102\" data-element_type=\"widget\" data-e-type=\"widget\" data-widget_type=\"text-editor.default\">\n\t\t\t\t\t\t\t\t\t<p>En 2019, Le Clos de l\u2018Elu est devenu Terre de l\u2019Elu.\u00a0 Sous ce nom Terre de l\u2019\u00c9lu, rien ne change dans la mani\u00e8re de conduire les vignes ni de produire les vins.<\/p>\n\t\t\t\t\t\t\t\t<\/div>\n\t\t\t\t<div class=\"elementor-element elementor-element-15c4998 elementor-widget elementor-widget-image\" data-id=\"15c4998\" data-element_type=\"widget\" data-e-type=\"widget\" data-widget_type=\"image.default\">\n\t\t\t\t\t\t\t\t\t\t\t\t\t\t\t<img fetchpriority=\"high\" decoding=\"async\" width=\"778\" height=\"765\" src=\"https:\/\/www.terredelelu.com\/wp-content\/uploads\/2024\/11\/Desktop-Illu-Boussole.png\" class=\"attachment-full size-full wp-image-3569\" alt=\"\" srcset=\"https:\/\/www.terredelelu.com\/wp-content\/uploads\/2024\/11\/Desktop-Illu-Boussole.png 778w, https:\/\/www.terredelelu.com\/wp-content\/uploads\/2024\/11\/Desktop-Illu-Boussole-300x295.png 300w, https:\/\/www.terredelelu.com\/wp-content\/uploads\/2024\/11\/Desktop-Illu-Boussole-768x755.png 768w\" sizes=\"(max-width: 778px) 100vw, 778px\" \/>\t\t\t\t\t\t\t\t\t\t\t\t\t\t\t<\/div>\n\t\t\t\t<\/div>\n\t\t\t\t\t<\/div>\n\t\t\t\t<\/div>\n\t\t\t\t<\/div>\n\t\t<\/div>\n\t\t\t\t\t\t<\/div>\n\t\t\t\t<\/div>\n\t\t<div class=\"elementor-element elementor-element-1f6b1577 e-con-full e-flex e-con e-parent\" data-id=\"1f6b1577\" data-element_type=\"container\" data-e-type=\"container\">\n\t\t\t\t<div class=\"elementor-element elementor-element-394f1068 elementor-widget elementor-widget-shortcode\" data-id=\"394f1068\" data-element_type=\"widget\" data-e-type=\"widget\" data-widget_type=\"shortcode.default\">\n\t\t\t\t\t\t\t<div class=\"elementor-shortcode\">\t\t<div data-elementor-type=\"section\" data-elementor-id=\"4766\" class=\"elementor elementor-4766\" data-elementor-post-type=\"elementor_library\">\n\t\t\t<div class=\"elementor-element elementor-element-d077a7f e-flex e-con-boxed e-con e-parent\" data-id=\"d077a7f\" data-element_type=\"container\" data-e-type=\"container\">\n\t\t\t\t\t<div class=\"e-con-inner\">\n\t\t\t\t<div class=\"elementor-element elementor-element-6c34803 elementor-widget elementor-widget-heading\" data-id=\"6c34803\" data-element_type=\"widget\" data-e-type=\"widget\" data-widget_type=\"heading.default\">\n\t\t\t\t\t<h2 class=\"elementor-heading-title elementor-size-default\">La priorit\u00e9 va \u00e0 notre libert\u00e9<\/h2>\t\t\t\t<\/div>\n\t\t\t\t<div class=\"elementor-element elementor-element-4f4841e elementor-widget__width-inherit elementor-widget elementor-widget-text-editor\" data-id=\"4f4841e\" data-element_type=\"widget\" data-e-type=\"widget\" data-widget_type=\"text-editor.default\">\n\t\t\t\t\t\t\t\t\t<p><span style=\"font-weight: 400\">\u00c0 l&rsquo;\u00e9troit dans le carcan r\u00e9glementaire<\/span> <span style=\"font-weight: 400\">des appellations, et \u00e0 la suite de plusieurs remarques sur la non-conformit\u00e9 des qualit\u00e9s organoleptiques attendues de nos vins, nous avons pr\u00e9f\u00e9r\u00e9 donner la priorit\u00e9 \u00e0 notre libert\u00e9 et \u00e0 notre cr\u00e9ativit\u00e9 plut\u00f4t que de tenter de faire des vins qui ne nous ressemblent pas.\u00a0<\/span><\/p>\n<p><span style=\"font-weight: 400\">Le mot \u00ab Clos \u00bb \u00e9tant r\u00e9serv\u00e9 aux seuls vins d\u2019appellation, nous avons donc cr\u00e9\u00e9 un nouveau nom\u00a0pour notre domaine : Terre de l\u2019\u00c9lu. <\/p>\n<p>Un nom charg\u00e9 de sens pour des vignerons bretons qui aiment tant prendre la mer !<\/span><\/p>\n\t\t\t\t\t\t\t\t<\/div>\n\t\t\t\t\t<\/div>\n\t\t\t\t<\/div>\n\t\t<div class=\"elementor-element elementor-element-9627f2a e-flex e-con-boxed e-con e-parent\" data-id=\"9627f2a\" data-element_type=\"container\" data-e-type=\"container\">\n\t\t\t\t\t<div class=\"e-con-inner\">\n\t\t\t\t\t<\/div>\n\t\t\t\t<\/div>\n\t\t<div class=\"elementor-element elementor-element-644c431 e-flex e-con-boxed e-con e-parent\" data-id=\"644c431\" data-element_type=\"container\" data-e-type=\"container\">\n\t\t\t\t\t<div class=\"e-con-inner\">\n\t\t\t\t\t<\/div>\n\t\t\t\t<\/div>\n\t\t<div class=\"elementor-element elementor-element-f307353 e-flex e-con-boxed e-con e-parent\" data-id=\"f307353\" data-element_type=\"container\" data-e-type=\"container\">\n\t\t\t\t\t<div class=\"e-con-inner\">\n\t\t\t\t\t<\/div>\n\t\t\t\t<\/div>\n\t\t<div class=\"elementor-element elementor-element-b0dc711 e-flex e-con-boxed e-con e-parent\" data-id=\"b0dc711\" data-element_type=\"container\" data-e-type=\"container\">\n\t\t\t\t\t<div class=\"e-con-inner\">\n\t\t\t\t\t<\/div>\n\t\t\t\t<\/div>\n\t\t<div class=\"elementor-element elementor-element-2ba46f2 e-flex e-con-boxed e-con e-parent\" data-id=\"2ba46f2\" data-element_type=\"container\" data-e-type=\"container\">\n\t\t\t\t\t<div class=\"e-con-inner\">\n\t\t\t\t\t<\/div>\n\t\t\t\t<\/div>\n\t\t\t\t<\/div>\n\t\t<\/div>\n\t\t\t\t\t\t<\/div>\n\t\t\t\t<\/div>\n\t\t\t\t<\/div>\n\t\t<\/div>\n\t\t\t\t\t\t<\/div>\n\t\t\t\t\t<\/div>\n\t\t\t\t<\/div>\n\t\t\t\t<\/div>\n\t\t","protected":false},"excerpt":{"rendered":"","protected":false},"author":2,"featured_media":5540,"parent":3332,"menu_order":0,"comment_status":"closed","ping_status":"closed","template":"","meta":{"_acf_changed":false,"footnotes":""},"class_list":["post-3338","page","type-page","status-publish","has-post-thumbnail","hentry"],"acf":[],"_links":{"self":[{"href":"https:\/\/www.terredelelu.com\/fr\/wp-json\/wp\/v2\/pages\/3338","targetHints":{"allow":["GET"]}}],"collection":[{"href":"https:\/\/www.terredelelu.com\/fr\/wp-json\/wp\/v2\/pages"}],"about":[{"href":"https:\/\/www.terredelelu.com\/fr\/wp-json\/wp\/v2\/types\/page"}],"author":[{"embeddable":true,"href":"https:\/\/www.terredelelu.com\/fr\/wp-json\/wp\/v2\/users\/2"}],"replies":[{"embeddable":true,"href":"https:\/\/www.terredelelu.com\/fr\/wp-json\/wp\/v2\/comments?post=3338"}],"version-history":[{"count":0,"href":"https:\/\/www.terredelelu.com\/fr\/wp-json\/wp\/v2\/pages\/3338\/revisions"}],"up":[{"embeddable":true,"href":"https:\/\/www.terredelelu.com\/fr\/wp-json\/wp\/v2\/pages\/3332"}],"wp:featuredmedia":[{"embeddable":true,"href":"https:\/\/www.terredelelu.com\/fr\/wp-json\/wp\/v2\/media\/5540"}],"wp:attachment":[{"href":"https:\/\/www.terredelelu.com\/fr\/wp-json\/wp\/v2\/media?parent=3338"}],"curies":[{"name":"wp","href":"https:\/\/api.w.org\/{rel}","templated":true}]}}