{"id":3350,"date":"2024-10-23T14:13:00","date_gmt":"2024-10-23T13:13:00","guid":{"rendered":"https:\/\/www.terredelelu.com\/?page_id=3350"},"modified":"2024-11-12T18:19:04","modified_gmt":"2024-11-12T17:19:04","slug":"revue-presse","status":"publish","type":"page","link":"https:\/\/www.terredelelu.com\/fr\/revue-presse\/","title":{"rendered":"presse"},"content":{"rendered":"\t\t<div data-elementor-type=\"wp-page\" data-elementor-id=\"3350\" class=\"elementor elementor-3350\" data-elementor-post-type=\"page\">\n\t\t\t\t<div class=\"elementor-element elementor-element-1359c01 e-con-full e-flex e-con e-parent\" data-id=\"1359c01\" data-element_type=\"container\" data-e-type=\"container\">\n\t\t\t\t<div class=\"elementor-element elementor-element-5e15f83 elementor-widget elementor-widget-shortcode\" data-id=\"5e15f83\" data-element_type=\"widget\" data-e-type=\"widget\" data-widget_type=\"shortcode.default\">\n\t\t\t\t\t\t\t<div class=\"elementor-shortcode\">\t\t<div data-elementor-type=\"page\" data-elementor-id=\"4727\" class=\"elementor elementor-4727\" data-elementor-post-type=\"elementor_library\">\n\t\t\t\t<div class=\"elementor-element elementor-element-2c4830f elementor-hidden-desktop elementor-hidden-tablet e-flex e-con-boxed e-con e-parent\" data-id=\"2c4830f\" data-element_type=\"container\" data-e-type=\"container\">\n\t\t\t\t\t<div class=\"e-con-inner\">\n\t\t\t\t<div class=\"elementor-element elementor-element-f81190d elementor-widget elementor-widget-image\" data-id=\"f81190d\" data-element_type=\"widget\" data-e-type=\"widget\" data-widget_type=\"image.default\">\n\t\t\t\t\t\t\t\t\t\t\t\t\t\t\t<img fetchpriority=\"high\" decoding=\"async\" width=\"778\" height=\"765\" src=\"https:\/\/www.terredelelu.com\/wp-content\/uploads\/2024\/11\/Desktop-Illu-Boussole.png\" class=\"attachment-full size-full wp-image-3569\" alt=\"\" srcset=\"https:\/\/www.terredelelu.com\/wp-content\/uploads\/2024\/11\/Desktop-Illu-Boussole.png 778w, https:\/\/www.terredelelu.com\/wp-content\/uploads\/2024\/11\/Desktop-Illu-Boussole-300x295.png 300w, https:\/\/www.terredelelu.com\/wp-content\/uploads\/2024\/11\/Desktop-Illu-Boussole-768x755.png 768w\" sizes=\"(max-width: 778px) 100vw, 778px\" \/>\t\t\t\t\t\t\t\t\t\t\t\t\t\t\t<\/div>\n\t\t\t\t\t<\/div>\n\t\t\t\t<\/div>\n\t\t<div class=\"elementor-element elementor-element-13d18c4 elementor-hidden-desktop elementor-hidden-tablet e-flex e-con-boxed e-con e-parent\" data-id=\"13d18c4\" data-element_type=\"container\" data-e-type=\"container\">\n\t\t\t\t\t<div class=\"e-con-inner\">\n\t\t\t\t<div class=\"elementor-element elementor-element-aeb2f55 elementor-widget__width-initial elementor-widget-mobile__width-initial elementor-widget elementor-widget-heading\" data-id=\"aeb2f55\" data-element_type=\"widget\" data-e-type=\"widget\" data-widget_type=\"heading.default\">\n\t\t\t\t\t<h1 class=\"elementor-heading-title elementor-size-default\">Titre de la page de contenu<\/h1>\t\t\t\t<\/div>\n\t\t\t\t<div class=\"elementor-element elementor-element-370b94e elementor-widget__width-initial elementor-widget-mobile__width-initial elementor-widget elementor-widget-text-editor\" data-id=\"370b94e\" data-element_type=\"widget\" data-e-type=\"widget\" data-widget_type=\"text-editor.default\">\n\t\t\t\t\t\t\t\t\tLe travail en \u00e9quipe fait partie int\u00e9grante de l\u2019identit\u00e9 du domaine. Comme sur un bateau o\u00f9 chaque membre de l\u2019\u00e9quipage sait ce qu\u2019il a \u00e0 faire, o\u00f9 chaque r\u00f4le est important. Notre \u00e9quipage est en g\u00e9om\u00e9trie variable selon les saisons.\t\t\t\t\t\t\t\t<\/div>\n\t\t\t\t<div class=\"elementor-element elementor-element-df4359d elementor-invisible elementor-widget elementor-widget-image\" data-id=\"df4359d\" data-element_type=\"widget\" data-e-type=\"widget\" data-settings=\"{&quot;_animation&quot;:&quot;fadeInUp&quot;}\" data-widget_type=\"image.default\">\n\t\t\t\t\t\t\t\t\t\t\t\t\t\t\t<img decoding=\"async\" width=\"862\" height=\"792\" src=\"https:\/\/www.terredelelu.com\/wp-content\/uploads\/2024\/11\/Capture-decran-2024-11-05-a-17.11.32.png\" class=\"attachment-full size-full wp-image-4715\" alt=\"\" srcset=\"https:\/\/www.terredelelu.com\/wp-content\/uploads\/2024\/11\/Capture-decran-2024-11-05-a-17.11.32.png 862w, https:\/\/www.terredelelu.com\/wp-content\/uploads\/2024\/11\/Capture-decran-2024-11-05-a-17.11.32-300x276.png 300w, https:\/\/www.terredelelu.com\/wp-content\/uploads\/2024\/11\/Capture-decran-2024-11-05-a-17.11.32-768x706.png 768w\" sizes=\"(max-width: 862px) 100vw, 862px\" \/>\t\t\t\t\t\t\t\t\t\t\t\t\t\t\t<\/div>\n\t\t\t\t\t<\/div>\n\t\t\t\t<\/div>\n\t\t<div class=\"elementor-element elementor-element-807989b elementor-hidden-tablet elementor-hidden-mobile e-flex e-con-boxed e-con e-parent\" data-id=\"807989b\" data-element_type=\"container\" data-e-type=\"container\">\n\t\t\t\t\t<div class=\"e-con-inner\">\n\t\t<div class=\"elementor-element elementor-element-d9f6e49 e-con-full e-flex e-con e-child\" data-id=\"d9f6e49\" data-element_type=\"container\" data-e-type=\"container\">\n\t\t\t\t<div class=\"elementor-element elementor-element-465a243 animated-slow elementor-invisible elementor-widget elementor-widget-image\" data-id=\"465a243\" data-element_type=\"widget\" data-e-type=\"widget\" data-settings=\"{&quot;_animation&quot;:&quot;fadeIn&quot;}\" data-widget_type=\"image.default\">\n\t\t\t\t\t\t\t\t\t\t\t\t\t\t\t<img decoding=\"async\" src=\"https:\/\/www.terredelelu.com\/wp-content\/uploads\/elementor\/thumbs\/Capture-decran-2024-11-05-a-17.11.32-qwm99qilrnelr08vb3ahivt4apw4t0k5pdibz74xlg.png\" title=\"Capture d\u2019e\u0301cran 2024-11-05 a\u0300 17.11.32\" alt=\"Capture d\u2019e\u0301cran 2024-11-05 a\u0300 17.11.32\" loading=\"lazy\" \/>\t\t\t\t\t\t\t\t\t\t\t\t\t\t\t<\/div>\n\t\t\t\t<\/div>\n\t\t<div class=\"elementor-element elementor-element-277c207 e-con-full e-flex e-con e-child\" data-id=\"277c207\" data-element_type=\"container\" data-e-type=\"container\">\n\t\t\t\t<div class=\"elementor-element elementor-element-4118427 elementor-widget__width-initial elementor-widget elementor-widget-heading\" data-id=\"4118427\" data-element_type=\"widget\" data-e-type=\"widget\" data-widget_type=\"heading.default\">\n\t\t\t\t\t<h1 class=\"elementor-heading-title elementor-size-default\">Titre de la page de contenu<\/h1>\t\t\t\t<\/div>\n\t\t\t\t<div class=\"elementor-element elementor-element-2bcf849 elementor-widget__width-initial elementor-widget elementor-widget-text-editor\" data-id=\"2bcf849\" data-element_type=\"widget\" data-e-type=\"widget\" data-widget_type=\"text-editor.default\">\n\t\t\t\t\t\t\t\t\tLe travail en \u00e9quipe fait partie int\u00e9grante de l\u2019identit\u00e9 du domaine. Comme sur un bateau o\u00f9 chaque membre de l\u2019\u00e9quipage sait ce qu\u2019il a \u00e0 faire, o\u00f9 chaque r\u00f4le est important. Notre \u00e9quipage est en g\u00e9om\u00e9trie variable selon les saisons.\t\t\t\t\t\t\t\t<\/div>\n\t\t\t\t<div class=\"elementor-element elementor-element-f256f53 elementor-widget elementor-widget-image\" data-id=\"f256f53\" data-element_type=\"widget\" data-e-type=\"widget\" data-widget_type=\"image.default\">\n\t\t\t\t\t\t\t\t\t\t\t\t\t\t\t<img fetchpriority=\"high\" decoding=\"async\" width=\"778\" height=\"765\" src=\"https:\/\/www.terredelelu.com\/wp-content\/uploads\/2024\/11\/Desktop-Illu-Boussole.png\" class=\"attachment-full size-full wp-image-3569\" alt=\"\" srcset=\"https:\/\/www.terredelelu.com\/wp-content\/uploads\/2024\/11\/Desktop-Illu-Boussole.png 778w, https:\/\/www.terredelelu.com\/wp-content\/uploads\/2024\/11\/Desktop-Illu-Boussole-300x295.png 300w, https:\/\/www.terredelelu.com\/wp-content\/uploads\/2024\/11\/Desktop-Illu-Boussole-768x755.png 768w\" sizes=\"(max-width: 778px) 100vw, 778px\" \/>\t\t\t\t\t\t\t\t\t\t\t\t\t\t\t<\/div>\n\t\t\t\t<\/div>\n\t\t\t\t\t<\/div>\n\t\t\t\t<\/div>\n\t\t<div class=\"elementor-element elementor-element-680764b elementor-hidden-mobile elementor-hidden-desktop e-flex e-con-boxed e-con e-parent\" data-id=\"680764b\" data-element_type=\"container\" data-e-type=\"container\">\n\t\t\t\t\t<div class=\"e-con-inner\">\n\t\t<div class=\"elementor-element elementor-element-fe1ddc8 e-con-full e-flex e-con e-child\" data-id=\"fe1ddc8\" data-element_type=\"container\" data-e-type=\"container\">\n\t\t\t\t<div class=\"elementor-element elementor-element-8da0a23 animated-slow elementor-invisible elementor-widget elementor-widget-image\" data-id=\"8da0a23\" data-element_type=\"widget\" data-e-type=\"widget\" data-settings=\"{&quot;_animation&quot;:&quot;fadeIn&quot;}\" data-widget_type=\"image.default\">\n\t\t\t\t\t\t\t\t\t\t\t\t\t\t\t<img decoding=\"async\" width=\"862\" height=\"792\" src=\"https:\/\/www.terredelelu.com\/wp-content\/uploads\/2024\/11\/Capture-decran-2024-11-05-a-17.11.32.png\" class=\"attachment-full size-full wp-image-4715\" alt=\"\" srcset=\"https:\/\/www.terredelelu.com\/wp-content\/uploads\/2024\/11\/Capture-decran-2024-11-05-a-17.11.32.png 862w, https:\/\/www.terredelelu.com\/wp-content\/uploads\/2024\/11\/Capture-decran-2024-11-05-a-17.11.32-300x276.png 300w, https:\/\/www.terredelelu.com\/wp-content\/uploads\/2024\/11\/Capture-decran-2024-11-05-a-17.11.32-768x706.png 768w\" sizes=\"(max-width: 862px) 100vw, 862px\" \/>\t\t\t\t\t\t\t\t\t\t\t\t\t\t\t<\/div>\n\t\t\t\t<\/div>\n\t\t<div class=\"elementor-element elementor-element-c731ab6 e-con-full e-flex e-con e-child\" data-id=\"c731ab6\" data-element_type=\"container\" data-e-type=\"container\">\n\t\t\t\t<div class=\"elementor-element elementor-element-85612d9 elementor-widget__width-initial elementor-widget-tablet__width-initial elementor-widget elementor-widget-heading\" data-id=\"85612d9\" data-element_type=\"widget\" data-e-type=\"widget\" data-widget_type=\"heading.default\">\n\t\t\t\t\t<h1 class=\"elementor-heading-title elementor-size-default\">Titre de la page de contenu<\/h1>\t\t\t\t<\/div>\n\t\t\t\t<div class=\"elementor-element elementor-element-56eb102 elementor-widget__width-initial elementor-widget elementor-widget-text-editor\" data-id=\"56eb102\" data-element_type=\"widget\" data-e-type=\"widget\" data-widget_type=\"text-editor.default\">\n\t\t\t\t\t\t\t\t\tLe travail en \u00e9quipe fait partie int\u00e9grante de l\u2019identit\u00e9 du domaine. Comme sur un bateau o\u00f9 chaque membre de l\u2019\u00e9quipage sait ce qu\u2019il a \u00e0 faire, o\u00f9 chaque r\u00f4le est important. Notre \u00e9quipage est en g\u00e9om\u00e9trie variable selon les saisons.\t\t\t\t\t\t\t\t<\/div>\n\t\t\t\t<div class=\"elementor-element elementor-element-15c4998 elementor-widget elementor-widget-image\" data-id=\"15c4998\" data-element_type=\"widget\" data-e-type=\"widget\" data-widget_type=\"image.default\">\n\t\t\t\t\t\t\t\t\t\t\t\t\t\t\t<img fetchpriority=\"high\" decoding=\"async\" width=\"778\" height=\"765\" src=\"https:\/\/www.terredelelu.com\/wp-content\/uploads\/2024\/11\/Desktop-Illu-Boussole.png\" class=\"attachment-full size-full wp-image-3569\" alt=\"\" srcset=\"https:\/\/www.terredelelu.com\/wp-content\/uploads\/2024\/11\/Desktop-Illu-Boussole.png 778w, https:\/\/www.terredelelu.com\/wp-content\/uploads\/2024\/11\/Desktop-Illu-Boussole-300x295.png 300w, https:\/\/www.terredelelu.com\/wp-content\/uploads\/2024\/11\/Desktop-Illu-Boussole-768x755.png 768w\" sizes=\"(max-width: 778px) 100vw, 778px\" \/>\t\t\t\t\t\t\t\t\t\t\t\t\t\t\t<\/div>\n\t\t\t\t<\/div>\n\t\t\t\t\t<\/div>\n\t\t\t\t<\/div>\n\t\t\t\t<\/div>\n\t\t<\/div>\n\t\t\t\t\t\t<\/div>\n\t\t\t\t<\/div>\n\t\t\t\t<\/div>\n\t\t","protected":false},"excerpt":{"rendered":"","protected":false},"author":2,"featured_media":0,"parent":0,"menu_order":0,"comment_status":"closed","ping_status":"closed","template":"","meta":{"_acf_changed":false,"footnotes":""},"class_list":["post-3350","page","type-page","status-publish","hentry"],"acf":[],"_links":{"self":[{"href":"https:\/\/www.terredelelu.com\/fr\/wp-json\/wp\/v2\/pages\/3350","targetHints":{"allow":["GET"]}}],"collection":[{"href":"https:\/\/www.terredelelu.com\/fr\/wp-json\/wp\/v2\/pages"}],"about":[{"href":"https:\/\/www.terredelelu.com\/fr\/wp-json\/wp\/v2\/types\/page"}],"author":[{"embeddable":true,"href":"https:\/\/www.terredelelu.com\/fr\/wp-json\/wp\/v2\/users\/2"}],"replies":[{"embeddable":true,"href":"https:\/\/www.terredelelu.com\/fr\/wp-json\/wp\/v2\/comments?post=3350"}],"version-history":[{"count":0,"href":"https:\/\/www.terredelelu.com\/fr\/wp-json\/wp\/v2\/pages\/3350\/revisions"}],"wp:attachment":[{"href":"https:\/\/www.terredelelu.com\/fr\/wp-json\/wp\/v2\/media?parent=3350"}],"curies":[{"name":"wp","href":"https:\/\/api.w.org\/{rel}","templated":true}]}}