{"id":5119,"date":"2024-11-19T17:20:49","date_gmt":"2024-11-19T16:20:49","guid":{"rendered":"https:\/\/www.terredelelu.com\/?page_id=5119"},"modified":"2025-01-27T11:12:35","modified_gmt":"2025-01-27T10:12:35","slug":"charlotte-thomas-carsin-couple-vigneron","status":"publish","type":"page","link":"https:\/\/www.terredelelu.com\/fr\/a-propos\/charlotte-thomas-carsin-couple-vigneron\/","title":{"rendered":"Charlotte et Thomas Carsin, couple vigneron"},"content":{"rendered":"\t\t<div data-elementor-type=\"wp-page\" data-elementor-id=\"5119\" class=\"elementor elementor-5119\" data-elementor-post-type=\"page\">\n\t\t\t\t<div class=\"elementor-element elementor-element-221fc40 e-con-full e-flex e-con e-parent\" data-id=\"221fc40\" data-element_type=\"container\" data-e-type=\"container\">\n\t\t\t\t<div class=\"elementor-element elementor-element-a2c1a7e elementor-widget elementor-widget-shortcode\" data-id=\"a2c1a7e\" data-element_type=\"widget\" data-e-type=\"widget\" data-widget_type=\"shortcode.default\">\n\t\t\t\t\t\t\t<div class=\"elementor-shortcode\">\t\t<div data-elementor-type=\"page\" data-elementor-id=\"4727\" class=\"elementor elementor-4727\" data-elementor-post-type=\"elementor_library\">\n\t\t\t\t<div class=\"elementor-element elementor-element-2c4830f elementor-hidden-desktop elementor-hidden-tablet e-flex e-con-boxed e-con e-parent\" data-id=\"2c4830f\" data-element_type=\"container\" data-e-type=\"container\">\n\t\t\t\t\t<div class=\"e-con-inner\">\n\t\t\t\t<div class=\"elementor-element elementor-element-f81190d elementor-widget elementor-widget-image\" data-id=\"f81190d\" data-element_type=\"widget\" data-e-type=\"widget\" data-widget_type=\"image.default\">\n\t\t\t\t\t\t\t\t\t\t\t\t\t\t\t<img fetchpriority=\"high\" decoding=\"async\" width=\"778\" height=\"765\" src=\"https:\/\/www.terredelelu.com\/wp-content\/uploads\/2024\/11\/Desktop-Illu-Boussole.png\" class=\"attachment-full size-full wp-image-3569\" alt=\"\" srcset=\"https:\/\/www.terredelelu.com\/wp-content\/uploads\/2024\/11\/Desktop-Illu-Boussole.png 778w, https:\/\/www.terredelelu.com\/wp-content\/uploads\/2024\/11\/Desktop-Illu-Boussole-300x295.png 300w, https:\/\/www.terredelelu.com\/wp-content\/uploads\/2024\/11\/Desktop-Illu-Boussole-768x755.png 768w\" sizes=\"(max-width: 778px) 100vw, 778px\" \/>\t\t\t\t\t\t\t\t\t\t\t\t\t\t\t<\/div>\n\t\t\t\t\t<\/div>\n\t\t\t\t<\/div>\n\t\t<div class=\"elementor-element elementor-element-13d18c4 elementor-hidden-desktop elementor-hidden-tablet e-flex e-con-boxed e-con e-parent\" data-id=\"13d18c4\" data-element_type=\"container\" data-e-type=\"container\">\n\t\t\t\t\t<div class=\"e-con-inner\">\n\t\t\t\t<div class=\"elementor-element elementor-element-aeb2f55 elementor-widget__width-initial elementor-widget-mobile__width-initial elementor-widget elementor-widget-heading\" data-id=\"aeb2f55\" data-element_type=\"widget\" data-e-type=\"widget\" data-widget_type=\"heading.default\">\n\t\t\t\t\t<h1 class=\"elementor-heading-title elementor-size-default\"><p>Charlotte et Thomas Carsin, couple vigneron<\/p>\n<\/h1>\t\t\t\t<\/div>\n\t\t\t\t<div class=\"elementor-element elementor-element-370b94e elementor-widget__width-initial elementor-widget-mobile__width-initial elementor-widget elementor-widget-text-editor\" data-id=\"370b94e\" data-element_type=\"widget\" data-e-type=\"widget\" data-widget_type=\"text-editor.default\">\n\t\t\t\t\t\t\t\t\t<p>En janvier 2008, nous nous lan\u00e7ons dans l\u2019aventure viticole avec l\u2019acquisition du domaine du Clos de l\u2019Elu, sur les terroirs schisteux de l\u2019Anjou noir. Forts de plusieurs ann\u00e9es d\u2019exp\u00e9rience comme consultant viticole (pour Thomas) ou dans les domaines de la communication et de la gestion (pour Charlotte), nous menons \u00e0 deux et avec passion la vie de ce domaine qui s\u2019appuie sur les plus beaux terroirs de la vall\u00e9e du Layon.<\/p>\n\t\t\t\t\t\t\t\t<\/div>\n\t\t\t\t<div class=\"elementor-element elementor-element-df4359d elementor-invisible elementor-widget elementor-widget-image\" data-id=\"df4359d\" data-element_type=\"widget\" data-e-type=\"widget\" data-settings=\"{&quot;_animation&quot;:&quot;fadeInUp&quot;}\" data-widget_type=\"image.default\">\n\t\t\t\t\t\t\t\t\t\t\t\t\t\t\t<img decoding=\"async\" width=\"862\" height=\"792\" src=\"https:\/\/www.terredelelu.com\/wp-content\/uploads\/2025\/01\/equipe-tde-charlotte-thomas-carsin.jpg\" class=\"attachment-full size-full wp-image-5497\" alt=\"\" srcset=\"https:\/\/www.terredelelu.com\/wp-content\/uploads\/2025\/01\/equipe-tde-charlotte-thomas-carsin.jpg 862w, https:\/\/www.terredelelu.com\/wp-content\/uploads\/2025\/01\/equipe-tde-charlotte-thomas-carsin-300x276.jpg 300w, https:\/\/www.terredelelu.com\/wp-content\/uploads\/2025\/01\/equipe-tde-charlotte-thomas-carsin-768x706.jpg 768w\" sizes=\"(max-width: 862px) 100vw, 862px\" \/>\t\t\t\t\t\t\t\t\t\t\t\t\t\t\t<\/div>\n\t\t\t\t\t<\/div>\n\t\t\t\t<\/div>\n\t\t<div class=\"elementor-element elementor-element-807989b elementor-hidden-tablet elementor-hidden-mobile e-flex e-con-boxed e-con e-parent\" data-id=\"807989b\" data-element_type=\"container\" data-e-type=\"container\">\n\t\t\t\t\t<div class=\"e-con-inner\">\n\t\t<div class=\"elementor-element elementor-element-d9f6e49 e-con-full e-flex e-con e-child\" data-id=\"d9f6e49\" data-element_type=\"container\" data-e-type=\"container\">\n\t\t\t\t<div class=\"elementor-element elementor-element-465a243 animated-slow elementor-invisible elementor-widget elementor-widget-image\" data-id=\"465a243\" data-element_type=\"widget\" data-e-type=\"widget\" data-settings=\"{&quot;_animation&quot;:&quot;fadeIn&quot;}\" data-widget_type=\"image.default\">\n\t\t\t\t\t\t\t\t\t\t\t\t\t\t\t<img decoding=\"async\" src=\"https:\/\/www.terredelelu.com\/wp-content\/uploads\/elementor\/thumbs\/equipe-tde-charlotte-thomas-carsin-r0maqypnlcggh75oeulqx19wgrljsb7p3v64vcy87o.jpg\" title=\"equipe-tde-charlotte-thomas-carsin\" alt=\"equipe-tde-charlotte-thomas-carsin\" loading=\"lazy\" \/>\t\t\t\t\t\t\t\t\t\t\t\t\t\t\t<\/div>\n\t\t\t\t<\/div>\n\t\t<div class=\"elementor-element elementor-element-277c207 e-con-full e-flex e-con e-child\" data-id=\"277c207\" data-element_type=\"container\" data-e-type=\"container\">\n\t\t\t\t<div class=\"elementor-element elementor-element-4118427 elementor-widget__width-initial elementor-widget elementor-widget-heading\" data-id=\"4118427\" data-element_type=\"widget\" data-e-type=\"widget\" data-widget_type=\"heading.default\">\n\t\t\t\t\t<h1 class=\"elementor-heading-title elementor-size-default\"><p>Charlotte et Thomas Carsin, couple vigneron<\/p>\n<\/h1>\t\t\t\t<\/div>\n\t\t\t\t<div class=\"elementor-element elementor-element-2bcf849 elementor-widget__width-initial elementor-widget elementor-widget-text-editor\" data-id=\"2bcf849\" data-element_type=\"widget\" data-e-type=\"widget\" data-widget_type=\"text-editor.default\">\n\t\t\t\t\t\t\t\t\t<p>En janvier 2008, nous nous lan\u00e7ons dans l\u2019aventure viticole avec l\u2019acquisition du domaine du Clos de l\u2019Elu, sur les terroirs schisteux de l\u2019Anjou noir. Forts de plusieurs ann\u00e9es d\u2019exp\u00e9rience comme consultant viticole (pour Thomas) ou dans les domaines de la communication et de la gestion (pour Charlotte), nous menons \u00e0 deux et avec passion la vie de ce domaine qui s\u2019appuie sur les plus beaux terroirs de la vall\u00e9e du Layon.<\/p>\n\t\t\t\t\t\t\t\t<\/div>\n\t\t\t\t<div class=\"elementor-element elementor-element-f256f53 elementor-widget elementor-widget-image\" data-id=\"f256f53\" data-element_type=\"widget\" data-e-type=\"widget\" data-widget_type=\"image.default\">\n\t\t\t\t\t\t\t\t\t\t\t\t\t\t\t<img fetchpriority=\"high\" decoding=\"async\" width=\"778\" height=\"765\" src=\"https:\/\/www.terredelelu.com\/wp-content\/uploads\/2024\/11\/Desktop-Illu-Boussole.png\" class=\"attachment-full size-full wp-image-3569\" alt=\"\" srcset=\"https:\/\/www.terredelelu.com\/wp-content\/uploads\/2024\/11\/Desktop-Illu-Boussole.png 778w, https:\/\/www.terredelelu.com\/wp-content\/uploads\/2024\/11\/Desktop-Illu-Boussole-300x295.png 300w, https:\/\/www.terredelelu.com\/wp-content\/uploads\/2024\/11\/Desktop-Illu-Boussole-768x755.png 768w\" sizes=\"(max-width: 778px) 100vw, 778px\" \/>\t\t\t\t\t\t\t\t\t\t\t\t\t\t\t<\/div>\n\t\t\t\t<\/div>\n\t\t\t\t\t<\/div>\n\t\t\t\t<\/div>\n\t\t<div class=\"elementor-element elementor-element-680764b elementor-hidden-mobile elementor-hidden-desktop e-flex e-con-boxed e-con e-parent\" data-id=\"680764b\" data-element_type=\"container\" data-e-type=\"container\">\n\t\t\t\t\t<div class=\"e-con-inner\">\n\t\t<div class=\"elementor-element elementor-element-fe1ddc8 e-con-full e-flex e-con e-child\" data-id=\"fe1ddc8\" data-element_type=\"container\" data-e-type=\"container\">\n\t\t\t\t<div class=\"elementor-element elementor-element-8da0a23 animated-slow elementor-invisible elementor-widget elementor-widget-image\" data-id=\"8da0a23\" data-element_type=\"widget\" data-e-type=\"widget\" data-settings=\"{&quot;_animation&quot;:&quot;fadeIn&quot;}\" data-widget_type=\"image.default\">\n\t\t\t\t\t\t\t\t\t\t\t\t\t\t\t<img decoding=\"async\" width=\"862\" height=\"792\" src=\"https:\/\/www.terredelelu.com\/wp-content\/uploads\/2025\/01\/equipe-tde-charlotte-thomas-carsin.jpg\" class=\"attachment-full size-full wp-image-5497\" alt=\"\" srcset=\"https:\/\/www.terredelelu.com\/wp-content\/uploads\/2025\/01\/equipe-tde-charlotte-thomas-carsin.jpg 862w, https:\/\/www.terredelelu.com\/wp-content\/uploads\/2025\/01\/equipe-tde-charlotte-thomas-carsin-300x276.jpg 300w, https:\/\/www.terredelelu.com\/wp-content\/uploads\/2025\/01\/equipe-tde-charlotte-thomas-carsin-768x706.jpg 768w\" sizes=\"(max-width: 862px) 100vw, 862px\" \/>\t\t\t\t\t\t\t\t\t\t\t\t\t\t\t<\/div>\n\t\t\t\t<\/div>\n\t\t<div class=\"elementor-element elementor-element-c731ab6 e-con-full e-flex e-con e-child\" data-id=\"c731ab6\" data-element_type=\"container\" data-e-type=\"container\">\n\t\t\t\t<div class=\"elementor-element elementor-element-85612d9 elementor-widget__width-initial elementor-widget-tablet__width-initial elementor-widget elementor-widget-heading\" data-id=\"85612d9\" data-element_type=\"widget\" data-e-type=\"widget\" data-widget_type=\"heading.default\">\n\t\t\t\t\t<h1 class=\"elementor-heading-title elementor-size-default\"><p>Charlotte et Thomas Carsin, couple vigneron<\/p>\n<\/h1>\t\t\t\t<\/div>\n\t\t\t\t<div class=\"elementor-element elementor-element-56eb102 elementor-widget__width-initial elementor-widget elementor-widget-text-editor\" data-id=\"56eb102\" data-element_type=\"widget\" data-e-type=\"widget\" data-widget_type=\"text-editor.default\">\n\t\t\t\t\t\t\t\t\t<p>En janvier 2008, nous nous lan\u00e7ons dans l\u2019aventure viticole avec l\u2019acquisition du domaine du Clos de l\u2019Elu, sur les terroirs schisteux de l\u2019Anjou noir. Forts de plusieurs ann\u00e9es d\u2019exp\u00e9rience comme consultant viticole (pour Thomas) ou dans les domaines de la communication et de la gestion (pour Charlotte), nous menons \u00e0 deux et avec passion la vie de ce domaine qui s\u2019appuie sur les plus beaux terroirs de la vall\u00e9e du Layon.<\/p>\n\t\t\t\t\t\t\t\t<\/div>\n\t\t\t\t<div class=\"elementor-element elementor-element-15c4998 elementor-widget elementor-widget-image\" data-id=\"15c4998\" data-element_type=\"widget\" data-e-type=\"widget\" data-widget_type=\"image.default\">\n\t\t\t\t\t\t\t\t\t\t\t\t\t\t\t<img fetchpriority=\"high\" decoding=\"async\" width=\"778\" height=\"765\" src=\"https:\/\/www.terredelelu.com\/wp-content\/uploads\/2024\/11\/Desktop-Illu-Boussole.png\" class=\"attachment-full size-full wp-image-3569\" alt=\"\" srcset=\"https:\/\/www.terredelelu.com\/wp-content\/uploads\/2024\/11\/Desktop-Illu-Boussole.png 778w, https:\/\/www.terredelelu.com\/wp-content\/uploads\/2024\/11\/Desktop-Illu-Boussole-300x295.png 300w, https:\/\/www.terredelelu.com\/wp-content\/uploads\/2024\/11\/Desktop-Illu-Boussole-768x755.png 768w\" sizes=\"(max-width: 778px) 100vw, 778px\" \/>\t\t\t\t\t\t\t\t\t\t\t\t\t\t\t<\/div>\n\t\t\t\t<\/div>\n\t\t\t\t\t<\/div>\n\t\t\t\t<\/div>\n\t\t\t\t<\/div>\n\t\t<\/div>\n\t\t\t\t\t\t<\/div>\n\t\t\t\t<\/div>\n\t\t<div class=\"elementor-element elementor-element-eaf710a e-con-full e-flex e-con e-parent\" data-id=\"eaf710a\" data-element_type=\"container\" data-e-type=\"container\">\n\t\t\t\t<div class=\"elementor-element elementor-element-c7c98a8 elementor-widget elementor-widget-shortcode\" data-id=\"c7c98a8\" data-element_type=\"widget\" data-e-type=\"widget\" data-widget_type=\"shortcode.default\">\n\t\t\t\t\t\t\t<div class=\"elementor-shortcode\">\t\t<div data-elementor-type=\"section\" data-elementor-id=\"4766\" class=\"elementor elementor-4766\" data-elementor-post-type=\"elementor_library\">\n\t\t\t<div class=\"elementor-element elementor-element-d077a7f e-flex e-con-boxed e-con e-parent\" data-id=\"d077a7f\" data-element_type=\"container\" data-e-type=\"container\">\n\t\t\t\t\t<div class=\"e-con-inner\">\n\t\t\t\t<div class=\"elementor-element elementor-element-6c34803 elementor-widget elementor-widget-heading\" data-id=\"6c34803\" data-element_type=\"widget\" data-e-type=\"widget\" data-widget_type=\"heading.default\">\n\t\t\t\t\t<h2 class=\"elementor-heading-title elementor-size-default\">Des racines bretonnes<\/h2>\t\t\t\t<\/div>\n\t\t\t\t<div class=\"elementor-element elementor-element-4f4841e elementor-widget__width-inherit elementor-widget elementor-widget-text-editor\" data-id=\"4f4841e\" data-element_type=\"widget\" data-e-type=\"widget\" data-widget_type=\"text-editor.default\">\n\t\t\t\t\t\t\t\t\t<p>C\u2019est en lors de vacances en Bretagne, pr\u00e9cis\u00e9ment \u00e0 l\u2019Aber-Wrac\u2019h, que nous nous rencontrons un \u00e9t\u00e9, chacun revenant tout juste d\u2019une croisi\u00e8re \u00e0 la voile entre amis. De cette premi\u00e8re passion partag\u00e9e, va en na\u00eetre rapidement une autre plus grande, le projet de toute une vie\u2026<\/p>\n<p>Des racines bretonnes, lign\u00e9e de marins pour l\u2019un et plut\u00f4t d\u2019origine terrienne pour l\u2019autre, nous sommes tous deux issus de familles dans lesquelles la table occupe un lieu central\u00a0! Notre int\u00e9r\u00eat pour le vin grandit avec nos exp\u00e9riences culinaires, mais aussi \u00e0 travers nos lectures, qui nous inspirent le r\u00eave de cultiver la vigne.<\/p>\n\t\t\t\t\t\t\t\t<\/div>\n\t\t\t\t\t<\/div>\n\t\t\t\t<\/div>\n\t\t<div class=\"elementor-element elementor-element-9627f2a e-flex e-con-boxed e-con e-parent\" data-id=\"9627f2a\" data-element_type=\"container\" data-e-type=\"container\">\n\t\t\t\t\t<div class=\"e-con-inner\">\n\t\t\t\t<div class=\"elementor-element elementor-element-e1654b6 elementor-widget elementor-widget-heading\" data-id=\"e1654b6\" data-element_type=\"widget\" data-e-type=\"widget\" data-widget_type=\"heading.default\">\n\t\t\t\t\t<h2 class=\"elementor-heading-title elementor-size-default\">Des comp\u00e9tences compl\u00e9mentaires<\/h2>\t\t\t\t<\/div>\n\t\t\t\t<div class=\"elementor-element elementor-element-94b099c elementor-widget__width-inherit elementor-widget elementor-widget-text-editor\" data-id=\"94b099c\" data-element_type=\"widget\" data-e-type=\"widget\" data-widget_type=\"text-editor.default\">\n\t\t\t\t\t\t\t\t\t<p>\u00c9tudiant en agro-d\u00e9veloppement international \u00e0 l\u2019ISTOM, c\u2019est d\u2019abord en Californie que Thomas va commencer \u00e0 vinifier, au sein d\u2019un petit vignoble de la Sonoma Vall\u00e9e, dans le cadre d\u2019un stage. L\u2019ann\u00e9e suivante, tout juste mari\u00e9s, c\u2019est \u00e0 deux nous nous envolons vers la Californie pour 6 mois.<\/p>\n<p>A notre retour, Thomas est embauch\u00e9 comme caviste \u00e0 Paris et Charlotte, dipl\u00f4m\u00e9e en communication et en management, comme attach\u00e9e de presse sp\u00e9cialis\u00e9e sant\u00e9-nutrition. Thomas poursuit sa carri\u00e8re professionnelle comme consultant technique en viticulture-oenologie aupr\u00e8s de vignerons ind\u00e9pendants \u00e0 Reims puis en Provence, o\u00f9 il est amen\u00e9 \u00e0 accompagner quelques domaines fleurons de la Provence (Miraval, commanderie de Peyrassol, Ch\u00e2teau Marg\u00fci\u2026).<\/p>\n<p>Notre r\u00eave de produire nos propres vins guide nos intuitions. Il se concr\u00e9tise en 2008 avec le rachat du domaine du Clos de l\u2019Elu au sein duquel nous associons nos comp\u00e9tences. Nous voil\u00e0 ancr\u00e9s sur le massif armoricain.<\/p>\n\t\t\t\t\t\t\t\t<\/div>\n\t\t\t\t\t<\/div>\n\t\t\t\t<\/div>\n\t\t<div class=\"elementor-element elementor-element-644c431 e-flex e-con-boxed e-con e-parent\" data-id=\"644c431\" data-element_type=\"container\" data-e-type=\"container\">\n\t\t\t\t\t<div class=\"e-con-inner\">\n\t\t\t\t\t<\/div>\n\t\t\t\t<\/div>\n\t\t<div class=\"elementor-element elementor-element-f307353 e-flex e-con-boxed e-con e-parent\" data-id=\"f307353\" data-element_type=\"container\" data-e-type=\"container\">\n\t\t\t\t\t<div class=\"e-con-inner\">\n\t\t\t\t\t<\/div>\n\t\t\t\t<\/div>\n\t\t<div class=\"elementor-element elementor-element-b0dc711 e-flex e-con-boxed e-con e-parent\" data-id=\"b0dc711\" data-element_type=\"container\" data-e-type=\"container\">\n\t\t\t\t\t<div class=\"e-con-inner\">\n\t\t\t\t\t<\/div>\n\t\t\t\t<\/div>\n\t\t<div class=\"elementor-element elementor-element-2ba46f2 e-flex e-con-boxed e-con e-parent\" data-id=\"2ba46f2\" data-element_type=\"container\" data-e-type=\"container\">\n\t\t\t\t\t<div class=\"e-con-inner\">\n\t\t\t\t\t<\/div>\n\t\t\t\t<\/div>\n\t\t\t\t<\/div>\n\t\t<\/div>\n\t\t\t\t\t\t<\/div>\n\t\t\t\t<\/div>\n\t\t\t\t<\/div>\n\t\t","protected":false},"excerpt":{"rendered":"","protected":false},"author":2,"featured_media":5497,"parent":3152,"menu_order":0,"comment_status":"closed","ping_status":"closed","template":"","meta":{"_acf_changed":false,"footnotes":""},"class_list":["post-5119","page","type-page","status-publish","has-post-thumbnail","hentry"],"acf":[],"_links":{"self":[{"href":"https:\/\/www.terredelelu.com\/fr\/wp-json\/wp\/v2\/pages\/5119","targetHints":{"allow":["GET"]}}],"collection":[{"href":"https:\/\/www.terredelelu.com\/fr\/wp-json\/wp\/v2\/pages"}],"about":[{"href":"https:\/\/www.terredelelu.com\/fr\/wp-json\/wp\/v2\/types\/page"}],"author":[{"embeddable":true,"href":"https:\/\/www.terredelelu.com\/fr\/wp-json\/wp\/v2\/users\/2"}],"replies":[{"embeddable":true,"href":"https:\/\/www.terredelelu.com\/fr\/wp-json\/wp\/v2\/comments?post=5119"}],"version-history":[{"count":0,"href":"https:\/\/www.terredelelu.com\/fr\/wp-json\/wp\/v2\/pages\/5119\/revisions"}],"up":[{"embeddable":true,"href":"https:\/\/www.terredelelu.com\/fr\/wp-json\/wp\/v2\/pages\/3152"}],"wp:featuredmedia":[{"embeddable":true,"href":"https:\/\/www.terredelelu.com\/fr\/wp-json\/wp\/v2\/media\/5497"}],"wp:attachment":[{"href":"https:\/\/www.terredelelu.com\/fr\/wp-json\/wp\/v2\/media?parent=5119"}],"curies":[{"name":"wp","href":"https:\/\/api.w.org\/{rel}","templated":true}]}}