{"id":5923,"date":"2025-02-07T10:03:54","date_gmt":"2025-02-07T09:03:54","guid":{"rendered":"https:\/\/www.terredelelu.com\/?page_id=5923"},"modified":"2026-02-19T10:53:28","modified_gmt":"2026-02-19T09:53:28","slug":"agenda","status":"publish","type":"page","link":"https:\/\/www.terredelelu.com\/fr\/agenda\/","title":{"rendered":"Agenda"},"content":{"rendered":"\t\t<div data-elementor-type=\"wp-page\" data-elementor-id=\"5923\" class=\"elementor elementor-5923\" data-elementor-post-type=\"page\">\n\t\t\t\t<div class=\"elementor-element elementor-element-6559de4 e-con-full e-flex e-con e-parent\" data-id=\"6559de4\" data-element_type=\"container\" data-e-type=\"container\">\n\t\t\t\t<div class=\"elementor-element elementor-element-662ceb0 elementor-widget elementor-widget-shortcode\" data-id=\"662ceb0\" data-element_type=\"widget\" data-e-type=\"widget\" data-widget_type=\"shortcode.default\">\n\t\t\t\t\t\t\t<div class=\"elementor-shortcode\">\t\t<div data-elementor-type=\"page\" data-elementor-id=\"4727\" class=\"elementor elementor-4727\" data-elementor-post-type=\"elementor_library\">\n\t\t\t\t<div class=\"elementor-element elementor-element-2c4830f elementor-hidden-desktop elementor-hidden-tablet e-flex e-con-boxed e-con e-parent\" data-id=\"2c4830f\" data-element_type=\"container\" data-e-type=\"container\">\n\t\t\t\t\t<div class=\"e-con-inner\">\n\t\t\t\t<div class=\"elementor-element elementor-element-f81190d elementor-widget elementor-widget-image\" data-id=\"f81190d\" data-element_type=\"widget\" data-e-type=\"widget\" data-widget_type=\"image.default\">\n\t\t\t\t\t\t\t\t\t\t\t\t\t\t\t<img fetchpriority=\"high\" decoding=\"async\" width=\"778\" height=\"765\" src=\"https:\/\/www.terredelelu.com\/wp-content\/uploads\/2024\/11\/Desktop-Illu-Boussole.png\" class=\"attachment-full size-full wp-image-3569\" alt=\"\" srcset=\"https:\/\/www.terredelelu.com\/wp-content\/uploads\/2024\/11\/Desktop-Illu-Boussole.png 778w, https:\/\/www.terredelelu.com\/wp-content\/uploads\/2024\/11\/Desktop-Illu-Boussole-300x295.png 300w, https:\/\/www.terredelelu.com\/wp-content\/uploads\/2024\/11\/Desktop-Illu-Boussole-768x755.png 768w\" sizes=\"(max-width: 778px) 100vw, 778px\" \/>\t\t\t\t\t\t\t\t\t\t\t\t\t\t\t<\/div>\n\t\t\t\t\t<\/div>\n\t\t\t\t<\/div>\n\t\t<div class=\"elementor-element elementor-element-13d18c4 elementor-hidden-desktop elementor-hidden-tablet e-flex e-con-boxed e-con e-parent\" data-id=\"13d18c4\" data-element_type=\"container\" data-e-type=\"container\">\n\t\t\t\t\t<div class=\"e-con-inner\">\n\t\t\t\t<div class=\"elementor-element elementor-element-aeb2f55 elementor-widget__width-initial elementor-widget-mobile__width-initial elementor-widget elementor-widget-heading\" data-id=\"aeb2f55\" data-element_type=\"widget\" data-e-type=\"widget\" data-widget_type=\"heading.default\">\n\t\t\t\t\t<h1 class=\"elementor-heading-title elementor-size-default\"><p>Agenda<\/p>\n<\/h1>\t\t\t\t<\/div>\n\t\t\t\t<div class=\"elementor-element elementor-element-370b94e elementor-widget__width-initial elementor-widget-mobile__width-initial elementor-widget elementor-widget-text-editor\" data-id=\"370b94e\" data-element_type=\"widget\" data-e-type=\"widget\" data-widget_type=\"text-editor.default\">\n\t\t\t\t\t\t\t\t\t<p>Salons professionnels ou grand public, portes-ouvertes, \u00e9v\u00e9nements promotionnels&#8230;<\/p>\n<p>Prenez connaissances de la liste de nos prochaines escales !<\/p>\n\t\t\t\t\t\t\t\t<\/div>\n\t\t\t\t<div class=\"elementor-element elementor-element-df4359d elementor-invisible elementor-widget elementor-widget-image\" data-id=\"df4359d\" data-element_type=\"widget\" data-e-type=\"widget\" data-settings=\"{&quot;_animation&quot;:&quot;fadeInUp&quot;}\" data-widget_type=\"image.default\">\n\t\t\t\t\t\t\t\t\t\t\t\t\t\t\t<img decoding=\"async\" width=\"1122\" height=\"1098\" src=\"https:\/\/www.terredelelu.com\/wp-content\/uploads\/2025\/01\/Capture-decran-2025-02-07-a-09.55.48.png\" class=\"attachment-full size-full wp-image-5918\" alt=\"\" srcset=\"https:\/\/www.terredelelu.com\/wp-content\/uploads\/2025\/01\/Capture-decran-2025-02-07-a-09.55.48.png 1122w, https:\/\/www.terredelelu.com\/wp-content\/uploads\/2025\/01\/Capture-decran-2025-02-07-a-09.55.48-300x294.png 300w, https:\/\/www.terredelelu.com\/wp-content\/uploads\/2025\/01\/Capture-decran-2025-02-07-a-09.55.48-1024x1002.png 1024w, https:\/\/www.terredelelu.com\/wp-content\/uploads\/2025\/01\/Capture-decran-2025-02-07-a-09.55.48-768x752.png 768w\" sizes=\"(max-width: 1122px) 100vw, 1122px\" \/>\t\t\t\t\t\t\t\t\t\t\t\t\t\t\t<\/div>\n\t\t\t\t\t<\/div>\n\t\t\t\t<\/div>\n\t\t<div class=\"elementor-element elementor-element-807989b elementor-hidden-tablet elementor-hidden-mobile e-flex e-con-boxed e-con e-parent\" data-id=\"807989b\" data-element_type=\"container\" data-e-type=\"container\">\n\t\t\t\t\t<div class=\"e-con-inner\">\n\t\t<div class=\"elementor-element elementor-element-d9f6e49 e-con-full e-flex e-con e-child\" data-id=\"d9f6e49\" data-element_type=\"container\" data-e-type=\"container\">\n\t\t\t\t<div class=\"elementor-element elementor-element-465a243 animated-slow elementor-invisible elementor-widget elementor-widget-image\" data-id=\"465a243\" data-element_type=\"widget\" data-e-type=\"widget\" data-settings=\"{&quot;_animation&quot;:&quot;fadeIn&quot;}\" data-widget_type=\"image.default\">\n\t\t\t\t\t\t\t\t\t\t\t\t\t\t\t<img decoding=\"async\" src=\"https:\/\/www.terredelelu.com\/wp-content\/uploads\/elementor\/thumbs\/Capture-decran-2025-02-07-a-09.55.48-r15cqescpentl3n6clc6w8499avwagfaez6uskrkt0.png\" title=\"Capture d\u2019e\u0301cran 2025-02-07 a\u0300 09.55.48\" alt=\"Capture d\u2019e\u0301cran 2025-02-07 a\u0300 09.55.48\" loading=\"lazy\" \/>\t\t\t\t\t\t\t\t\t\t\t\t\t\t\t<\/div>\n\t\t\t\t<\/div>\n\t\t<div class=\"elementor-element elementor-element-277c207 e-con-full e-flex e-con e-child\" data-id=\"277c207\" data-element_type=\"container\" data-e-type=\"container\">\n\t\t\t\t<div class=\"elementor-element elementor-element-4118427 elementor-widget__width-initial elementor-widget elementor-widget-heading\" data-id=\"4118427\" data-element_type=\"widget\" data-e-type=\"widget\" data-widget_type=\"heading.default\">\n\t\t\t\t\t<h1 class=\"elementor-heading-title elementor-size-default\"><p>Agenda<\/p>\n<\/h1>\t\t\t\t<\/div>\n\t\t\t\t<div class=\"elementor-element elementor-element-2bcf849 elementor-widget__width-initial elementor-widget elementor-widget-text-editor\" data-id=\"2bcf849\" data-element_type=\"widget\" data-e-type=\"widget\" data-widget_type=\"text-editor.default\">\n\t\t\t\t\t\t\t\t\t<p>Salons professionnels ou grand public, portes-ouvertes, \u00e9v\u00e9nements promotionnels&#8230;<\/p>\n<p>Prenez connaissances de la liste de nos prochaines escales !<\/p>\n\t\t\t\t\t\t\t\t<\/div>\n\t\t\t\t<div class=\"elementor-element elementor-element-f256f53 elementor-widget elementor-widget-image\" data-id=\"f256f53\" data-element_type=\"widget\" data-e-type=\"widget\" data-widget_type=\"image.default\">\n\t\t\t\t\t\t\t\t\t\t\t\t\t\t\t<img fetchpriority=\"high\" decoding=\"async\" width=\"778\" height=\"765\" src=\"https:\/\/www.terredelelu.com\/wp-content\/uploads\/2024\/11\/Desktop-Illu-Boussole.png\" class=\"attachment-full size-full wp-image-3569\" alt=\"\" srcset=\"https:\/\/www.terredelelu.com\/wp-content\/uploads\/2024\/11\/Desktop-Illu-Boussole.png 778w, https:\/\/www.terredelelu.com\/wp-content\/uploads\/2024\/11\/Desktop-Illu-Boussole-300x295.png 300w, https:\/\/www.terredelelu.com\/wp-content\/uploads\/2024\/11\/Desktop-Illu-Boussole-768x755.png 768w\" sizes=\"(max-width: 778px) 100vw, 778px\" \/>\t\t\t\t\t\t\t\t\t\t\t\t\t\t\t<\/div>\n\t\t\t\t<\/div>\n\t\t\t\t\t<\/div>\n\t\t\t\t<\/div>\n\t\t<div class=\"elementor-element elementor-element-680764b elementor-hidden-mobile elementor-hidden-desktop e-flex e-con-boxed e-con e-parent\" data-id=\"680764b\" data-element_type=\"container\" data-e-type=\"container\">\n\t\t\t\t\t<div class=\"e-con-inner\">\n\t\t<div class=\"elementor-element elementor-element-fe1ddc8 e-con-full e-flex e-con e-child\" data-id=\"fe1ddc8\" data-element_type=\"container\" data-e-type=\"container\">\n\t\t\t\t<div class=\"elementor-element elementor-element-8da0a23 animated-slow elementor-invisible elementor-widget elementor-widget-image\" data-id=\"8da0a23\" data-element_type=\"widget\" data-e-type=\"widget\" data-settings=\"{&quot;_animation&quot;:&quot;fadeIn&quot;}\" data-widget_type=\"image.default\">\n\t\t\t\t\t\t\t\t\t\t\t\t\t\t\t<img decoding=\"async\" width=\"1122\" height=\"1098\" src=\"https:\/\/www.terredelelu.com\/wp-content\/uploads\/2025\/01\/Capture-decran-2025-02-07-a-09.55.48.png\" class=\"attachment-full size-full wp-image-5918\" alt=\"\" srcset=\"https:\/\/www.terredelelu.com\/wp-content\/uploads\/2025\/01\/Capture-decran-2025-02-07-a-09.55.48.png 1122w, https:\/\/www.terredelelu.com\/wp-content\/uploads\/2025\/01\/Capture-decran-2025-02-07-a-09.55.48-300x294.png 300w, https:\/\/www.terredelelu.com\/wp-content\/uploads\/2025\/01\/Capture-decran-2025-02-07-a-09.55.48-1024x1002.png 1024w, https:\/\/www.terredelelu.com\/wp-content\/uploads\/2025\/01\/Capture-decran-2025-02-07-a-09.55.48-768x752.png 768w\" sizes=\"(max-width: 1122px) 100vw, 1122px\" \/>\t\t\t\t\t\t\t\t\t\t\t\t\t\t\t<\/div>\n\t\t\t\t<\/div>\n\t\t<div class=\"elementor-element elementor-element-c731ab6 e-con-full e-flex e-con e-child\" data-id=\"c731ab6\" data-element_type=\"container\" data-e-type=\"container\">\n\t\t\t\t<div class=\"elementor-element elementor-element-85612d9 elementor-widget__width-initial elementor-widget-tablet__width-initial elementor-widget elementor-widget-heading\" data-id=\"85612d9\" data-element_type=\"widget\" data-e-type=\"widget\" data-widget_type=\"heading.default\">\n\t\t\t\t\t<h1 class=\"elementor-heading-title elementor-size-default\"><p>Agenda<\/p>\n<\/h1>\t\t\t\t<\/div>\n\t\t\t\t<div class=\"elementor-element elementor-element-56eb102 elementor-widget__width-initial elementor-widget elementor-widget-text-editor\" data-id=\"56eb102\" data-element_type=\"widget\" data-e-type=\"widget\" data-widget_type=\"text-editor.default\">\n\t\t\t\t\t\t\t\t\t<p>Salons professionnels ou grand public, portes-ouvertes, \u00e9v\u00e9nements promotionnels&#8230;<\/p>\n<p>Prenez connaissances de la liste de nos prochaines escales !<\/p>\n\t\t\t\t\t\t\t\t<\/div>\n\t\t\t\t<div class=\"elementor-element elementor-element-15c4998 elementor-widget elementor-widget-image\" data-id=\"15c4998\" data-element_type=\"widget\" data-e-type=\"widget\" data-widget_type=\"image.default\">\n\t\t\t\t\t\t\t\t\t\t\t\t\t\t\t<img fetchpriority=\"high\" decoding=\"async\" width=\"778\" height=\"765\" src=\"https:\/\/www.terredelelu.com\/wp-content\/uploads\/2024\/11\/Desktop-Illu-Boussole.png\" class=\"attachment-full size-full wp-image-3569\" alt=\"\" srcset=\"https:\/\/www.terredelelu.com\/wp-content\/uploads\/2024\/11\/Desktop-Illu-Boussole.png 778w, https:\/\/www.terredelelu.com\/wp-content\/uploads\/2024\/11\/Desktop-Illu-Boussole-300x295.png 300w, https:\/\/www.terredelelu.com\/wp-content\/uploads\/2024\/11\/Desktop-Illu-Boussole-768x755.png 768w\" sizes=\"(max-width: 778px) 100vw, 778px\" \/>\t\t\t\t\t\t\t\t\t\t\t\t\t\t\t<\/div>\n\t\t\t\t<\/div>\n\t\t\t\t\t<\/div>\n\t\t\t\t<\/div>\n\t\t\t\t<\/div>\n\t\t<\/div>\n\t\t\t\t\t\t<\/div>\n\t\t\t\t<\/div>\n\t\t<div class=\"elementor-element elementor-element-f8b374d e-con-full e-flex e-con e-parent\" data-id=\"f8b374d\" data-element_type=\"container\" data-e-type=\"container\">\n\t\t\t\t<div class=\"elementor-element elementor-element-44b6829 elementor-widget elementor-widget-shortcode\" data-id=\"44b6829\" data-element_type=\"widget\" data-e-type=\"widget\" data-widget_type=\"shortcode.default\">\n\t\t\t\t\t\t\t<div class=\"elementor-shortcode\">\t\t<div data-elementor-type=\"section\" data-elementor-id=\"4766\" class=\"elementor elementor-4766\" data-elementor-post-type=\"elementor_library\">\n\t\t\t<div class=\"elementor-element elementor-element-d077a7f e-flex e-con-boxed e-con e-parent\" data-id=\"d077a7f\" data-element_type=\"container\" data-e-type=\"container\">\n\t\t\t\t\t<div class=\"e-con-inner\">\n\t\t\t\t\t<\/div>\n\t\t\t\t<\/div>\n\t\t<div class=\"elementor-element elementor-element-9627f2a e-flex e-con-boxed e-con e-parent\" data-id=\"9627f2a\" data-element_type=\"container\" data-e-type=\"container\">\n\t\t\t\t\t<div class=\"e-con-inner\">\n\t\t\t\t<div class=\"elementor-element elementor-element-e1654b6 elementor-widget elementor-widget-heading\" data-id=\"e1654b6\" data-element_type=\"widget\" data-e-type=\"widget\" data-widget_type=\"heading.default\">\n\t\t\t\t\t<h2 class=\"elementor-heading-title elementor-size-default\">A VENIR<\/h2>\t\t\t\t<\/div>\n\t\t\t\t<div class=\"elementor-element elementor-element-94b099c elementor-widget__width-inherit elementor-widget elementor-widget-text-editor\" data-id=\"94b099c\" data-element_type=\"widget\" data-e-type=\"widget\" data-widget_type=\"text-editor.default\">\n\t\t\t\t\t\t\t\t\t<p><strong>Samedi 7 et dimanche 8 mars 2026<\/strong> : <a href=\"https:\/\/sites.google.com\/lesepicuriensdeserrechevalier.com\/salon-des-vins-et-saveurs\/le-salon\" target=\"_blank\" rel=\"noopener\">Salon Vins et Saveurs<\/a>, Serre Chevalier &#8211; Ouverts aux clients particuliers (achat sur place) et professionnels<\/p>\n<p><strong>Lundi 16 mars 2026<\/strong> :<a href=\"https:\/\/biotopwines.com\/fr\/biotop-tour\/biotop-lyon\/\" target=\"_blank\" rel=\"noopener\"> Salon Biotop \u00e0 Lyon<\/a>, L&#8217;embarcad\u00e8re, Confluence &#8211; Salon professionnel<\/p>\n<p><strong>Vendredi 10 et samedi 11 avril 2026<\/strong> : Portes Ouvertes Okhuysen, Haarlem, Pays-Bas<\/p>\n<p><strong>Samedi 11 avril 2026<\/strong> : <a href=\"https:\/\/www.club-oenologie-saint-nom-la-breteche.com\/vins-et-vignerons\" target=\"_blank\" rel=\"noopener\">Salon Vins et Vignerons<\/a>\u00a0 \u00e0\u00a0 Saint Nom la Bret\u00e8che, vente aux particuliers<\/p>\n<p><strong>Lundi 22 juin 2026<\/strong> : <a href=\"https:\/\/www.pauleedanjou.com\/\" target=\"_blank\" rel=\"noopener\">La Paul\u00e9e d&rsquo;Anjou<\/a>, \u00e9v\u00e9nement professionnel<\/p>\n\t\t\t\t\t\t\t\t<\/div>\n\t\t\t\t\t<\/div>\n\t\t\t\t<\/div>\n\t\t<div class=\"elementor-element elementor-element-644c431 e-flex e-con-boxed e-con e-parent\" data-id=\"644c431\" data-element_type=\"container\" data-e-type=\"container\">\n\t\t\t\t\t<div class=\"e-con-inner\">\n\t\t\t\t<div class=\"elementor-element elementor-element-4f23aaa elementor-widget elementor-widget-heading\" data-id=\"4f23aaa\" data-element_type=\"widget\" data-e-type=\"widget\" data-widget_type=\"heading.default\">\n\t\t\t\t\t<h2 class=\"elementor-heading-title elementor-size-default\">NOUS Y ETIONS !<\/h2>\t\t\t\t<\/div>\n\t\t\t\t<div class=\"elementor-element elementor-element-61fac69 elementor-widget__width-inherit elementor-widget elementor-widget-text-editor\" data-id=\"61fac69\" data-element_type=\"widget\" data-e-type=\"widget\" data-widget_type=\"text-editor.default\">\n\t\t\t\t\t\t\t\t\t<h3>2026<\/h3>\n<p><strong>Dimanche 8 f\u00e9vrier 202- <a href=\"https:\/\/biotopwines.com\/fr\/biotop-tour\/biotop-paris\/\" target=\"_blank\" rel=\"noopener\">BIOTOP Paris<\/a> 11\u00e8me, Bastille Design Center &#8211; R\u00e9serv\u00e9 aux professionnels &#8211; demandez-nous le code pour entrer gratuitement (sur inscription pr\u00e9alable)<\/strong><\/p>\n<p><strong>Lundi 2 et mardi 3 f\u00e9vrier 2026<\/strong> : <a href=\"https:\/\/laleveedelaloire.com\/infos-pratiques\/horaires-et-localisation\/\" target=\"_blank\" rel=\"noopener\">Salon la Lev\u00e9e de la Loire \u00e0 Angers<\/a> &#8211; salon professionnel &#8211; STAND K04<\/p>\n<p><strong>Samedi 31 janvier 2026 :<\/strong> journ\u00e9e Portes Ouvertes pour les professionnels du vin (visite du domaine, d\u00e9gustation dans notre chai&#8230;). Inscription par mail (chai @ terredelelu.com)<\/p>\n<p><strong>Dimanche 25 et lundi 26 janvier 2026<\/strong> : <a href=\"https:\/\/biotopwines.com\/fr\/biotop-tour\/biotop-montpellier\/\" target=\"_blank\" rel=\"noopener\">Salon BIOTOP Montpellier<\/a> &#8211; salon professionnel &#8211; demandez-nous le code pour entrer gratuitement (sur inscription pr\u00e9alable)<\/p>\n<h3>2025<\/h3>\n<p><strong>Vendredi 12 et samedi 13 d\u00e9cembre : <\/strong>portes-ouvertes au Domaine Laureau \u00e0 Savenni\u00e8res<\/p>\n<p><strong>Vendredi 12 d\u00e9cembre<\/strong> : Master class sur 2 verticales de cuv\u00e9es embl\u00e9matiques du domaine, Esp\u00e9rance et Magellan, cave du Forum \u00e0 Reims, sur inscription<\/p>\n<p><strong>Samedi 6 d\u00e9cembre 2025 <\/strong>: d\u00e9gustation aux Vins d&rsquo;Aur\u00e9lien, caviste \u00e0 Lille<\/p>\n<p><strong>Vendredi 28 et samedi 29 novembre 2025\u00a0<\/strong> : d\u00e9gustation aux Vignes de Merlin, caviste \u00e0 Lesneven<\/p>\n<p><strong>Samedi 22 novembre 2025<\/strong> : <a href=\"https:\/\/www.terredelelu.com\/wp-content\/uploads\/2025\/10\/INVITATION-THALASSA-2025-IMAGE.jpg\" target=\"_blank\" rel=\"noopener\">Dix vins en Seine !<\/a> D\u00e9gustation vente sur la p\u00e9niche le Thalassa \u00e0 Paris &#8211; D\u00eener vignerons le samedi soir sur la p\u00e9niche sur <a href=\"https:\/\/www.thefork.fr\/restaurant\/quai-liberte-r752524\" target=\"_blank\" rel=\"noopener\">inscription<\/a>. Clients particuliers<\/p>\n<p><strong>Samedi 8 et dimanche 9 novembre 2025<\/strong> : <a href=\"https:\/\/www.moncaviste.fr\/\" target=\"_blank\" rel=\"noopener\">Salon de Bacchus<\/a> \u00e0 Gouesnou &#8211; clients particuliers<\/p>\n<p><strong>Lundi 24 mars 2025<\/strong> \u2013 Salon Vins Hors Normes, Arles \u2013 R\u00e9serv\u00e9 aux professionnels &#8211; <a href=\"https:\/\/www.terredelelu.com\/wp-content\/uploads\/2025\/02\/SALON-VHN.pdf\" target=\"_blank\" rel=\"noopener\">infos<\/a><\/p>\n<p><strong>Lundi 3 mars 2025<\/strong> &#8211; Salon professionnel Vins Nature en Nord, restaurant Rillons &#8211; <a href=\"https:\/\/www.terredelelu.com\/wp-content\/uploads\/2025\/02\/DEGUSTATION-PRO-2025-JPEG-RECTO.jpg\" target=\"_blank\" rel=\"noopener\">infos<\/a><\/p>\n<p><strong>22 et 23 f\u00e9vrier 2025<\/strong> &#8211; Dynamic Vines Annuel Tasting, Londres \u2013 <a href=\"https:\/\/www.eventbrite.co.uk\/e\/annual-portfolio-tasting-2025-dynamic-vines-20th-anniversary-tickets-1107087000019?aff=oddtdtcreator\" target=\"_blank\" rel=\"noopener\">Tout public<\/a><\/p>\n<p><strong>Dimanche 9 f\u00e9vrier 2025 &#8211;<\/strong>\u00a0Biotop Paris 11\u00e8me, Bastille Design Center &#8211; R\u00e9serv\u00e9 aux professionnels<\/p>\n<p><strong>Lundi 3 et mardi 4 f\u00e9vrier 2026<\/strong> &#8211; La lev\u00e9e de la Loire, Angers \u2013 R\u00e9serv\u00e9 aux professionnels<\/p>\n<p><strong>Samedi 1er et dimanche 2 f\u00e9vrier 2025<\/strong> \u2013 Salon Saint Jean, Angers \u2013 R\u00e9serv\u00e9 aux professionnels<\/p>\n\t\t\t\t\t\t\t\t<\/div>\n\t\t\t\t\t<\/div>\n\t\t\t\t<\/div>\n\t\t<div class=\"elementor-element elementor-element-f307353 e-flex e-con-boxed e-con e-parent\" data-id=\"f307353\" data-element_type=\"container\" data-e-type=\"container\">\n\t\t\t\t\t<div class=\"e-con-inner\">\n\t\t\t\t\t<\/div>\n\t\t\t\t<\/div>\n\t\t<div class=\"elementor-element elementor-element-b0dc711 e-flex e-con-boxed e-con e-parent\" data-id=\"b0dc711\" data-element_type=\"container\" data-e-type=\"container\">\n\t\t\t\t\t<div class=\"e-con-inner\">\n\t\t\t\t\t<\/div>\n\t\t\t\t<\/div>\n\t\t<div class=\"elementor-element elementor-element-2ba46f2 e-flex e-con-boxed e-con e-parent\" data-id=\"2ba46f2\" data-element_type=\"container\" data-e-type=\"container\">\n\t\t\t\t\t<div class=\"e-con-inner\">\n\t\t\t\t\t<\/div>\n\t\t\t\t<\/div>\n\t\t\t\t<\/div>\n\t\t<\/div>\n\t\t\t\t\t\t<\/div>\n\t\t\t\t<\/div>\n\t\t\t\t<\/div>\n\t\t","protected":false},"excerpt":{"rendered":"","protected":false},"author":2,"featured_media":5918,"parent":0,"menu_order":0,"comment_status":"closed","ping_status":"closed","template":"","meta":{"_acf_changed":false,"footnotes":""},"class_list":["post-5923","page","type-page","status-publish","has-post-thumbnail","hentry"],"acf":[],"_links":{"self":[{"href":"https:\/\/www.terredelelu.com\/fr\/wp-json\/wp\/v2\/pages\/5923","targetHints":{"allow":["GET"]}}],"collection":[{"href":"https:\/\/www.terredelelu.com\/fr\/wp-json\/wp\/v2\/pages"}],"about":[{"href":"https:\/\/www.terredelelu.com\/fr\/wp-json\/wp\/v2\/types\/page"}],"author":[{"embeddable":true,"href":"https:\/\/www.terredelelu.com\/fr\/wp-json\/wp\/v2\/users\/2"}],"replies":[{"embeddable":true,"href":"https:\/\/www.terredelelu.com\/fr\/wp-json\/wp\/v2\/comments?post=5923"}],"version-history":[{"count":7,"href":"https:\/\/www.terredelelu.com\/fr\/wp-json\/wp\/v2\/pages\/5923\/revisions"}],"predecessor-version":[{"id":6193,"href":"https:\/\/www.terredelelu.com\/fr\/wp-json\/wp\/v2\/pages\/5923\/revisions\/6193"}],"wp:featuredmedia":[{"embeddable":true,"href":"https:\/\/www.terredelelu.com\/fr\/wp-json\/wp\/v2\/media\/5918"}],"wp:attachment":[{"href":"https:\/\/www.terredelelu.com\/fr\/wp-json\/wp\/v2\/media?parent=5923"}],"curies":[{"name":"wp","href":"https:\/\/api.w.org\/{rel}","templated":true}]}}